{"id":8228,"date":"2025-01-20T21:06:58","date_gmt":"2025-01-20T21:06:58","guid":{"rendered":"https:\/\/2025.innoconstruct.ro\/?page_id=8228"},"modified":"2025-02-11T12:33:29","modified_gmt":"2025-02-11T12:33:29","slug":"editiile-trecute","status":"publish","type":"page","link":"https:\/\/2025.innoconstruct.ro\/en\/editiile-trecute\/","title":{"rendered":"Previous Editions"},"content":{"rendered":"<div data-elementor-type=\"wp-page\" data-elementor-id=\"8228\" class=\"elementor elementor-8228\" data-elementor-post-type=\"page\">\n\t\t\t\t<div class=\"elementor-element elementor-element-e296817 e-flex e-con-boxed e-con e-parent\" data-id=\"e296817\" data-element_type=\"container\">\n\t\t\t\t\t<div class=\"e-con-inner\">\n\t\t\t\t<div class=\"elementor-element elementor-element-307d4d1 elementor-widget elementor-widget-hub_fancy_heading\" data-id=\"307d4d1\" data-element_type=\"widget\" data-widget_type=\"hub_fancy_heading.default\">\n\t\t\t\t<div class=\"elementor-widget-container\">\n\t\t\t\t\t\n\t\t<div id=\"ld-fancy-heading-69e317a77c876\" class=\"ld-fancy-heading pos-rel\">\n\t\t\t<h3 class=\"ld-fh-element d-inline-block pos-rel  elementor-heading-title lqd-highlight-classic lqd-highlight-grow-left h3\"  > First edition: Digitalisation<\/h3>\t\t<\/div>\n\n\t\t\t\t\t\t<\/div>\n\t\t\t\t<\/div>\n\t\t\t\t\t<\/div>\n\t\t\t\t<\/div>\n\t\t<div class=\"elementor-element elementor-element-9874b96 e-flex e-con-boxed e-con e-parent\" data-id=\"9874b96\" data-element_type=\"container\">\n\t\t\t\t\t<div class=\"e-con-inner\">\n\t\t<div class=\"elementor-element elementor-element-99ff588 e-con-full e-flex e-con e-child\" data-id=\"99ff588\" data-element_type=\"container\">\n\t\t\t\t<div class=\"elementor-element elementor-element-bbfadd9 elementor-invisible elementor-widget elementor-widget-ld_fancy_image\" data-id=\"bbfadd9\" data-element_type=\"widget\" data-settings=\"{&quot;_animation&quot;:&quot;fadeIn&quot;}\" data-widget_type=\"ld_fancy_image.default\">\n\t\t\t\t<div class=\"elementor-widget-container\">\n\t\t\t\t\t\n\t\t<div class=\"lqd-imggrp-single d-block pos-rel perspective\" data-hover3d=\"true\">\n\t\t\t<div class=\"lqd-imggrp-img-container d-inline-flex pos-rel align-items-center justify-content-center transform-style-3d\">\n\t\t\t\t\t\t\t\t<figure class=\"w-100 pos-rel\" data-stacking-factor=\"1\">\n\t\t\t\t\t<img fetchpriority=\"high\" decoding=\"async\" width=\"1178\" height=\"612\" src=\"https:\/\/2025.innoconstruct.ro\/wp-content\/uploads\/2025\/01\/Editaia-1-INNOCONSTRUCT-e1738626879265.webp\" class=\"attachment-full size-full wp-image-8231\" alt=\"\" srcset=\"https:\/\/2025.innoconstruct.ro\/wp-content\/uploads\/2025\/01\/Editaia-1-INNOCONSTRUCT-e1738626879265.webp 1178w, https:\/\/2025.innoconstruct.ro\/wp-content\/uploads\/2025\/01\/Editaia-1-INNOCONSTRUCT-e1738626879265-300x156.webp 300w, https:\/\/2025.innoconstruct.ro\/wp-content\/uploads\/2025\/01\/Editaia-1-INNOCONSTRUCT-e1738626879265-1024x532.webp 1024w, https:\/\/2025.innoconstruct.ro\/wp-content\/uploads\/2025\/01\/Editaia-1-INNOCONSTRUCT-e1738626879265-18x9.webp 18w, https:\/\/2025.innoconstruct.ro\/wp-content\/uploads\/2025\/01\/Editaia-1-INNOCONSTRUCT-e1738626879265-600x312.webp 600w, https:\/\/2025.innoconstruct.ro\/wp-content\/uploads\/2025\/01\/Editaia-1-INNOCONSTRUCT-e1738626879265-768x399.webp 768w\" sizes=\"(max-width: 1178px) 100vw, 1178px\" itemprop=\"image\" \/>\t\t\t\t\t\t\t\t\t\t\t\t\t\t\t\t\t\t\t\t\t\t\t\t\t\t\t\t\t<\/figure>\n\t\t\t<\/div>\n\t\t<\/div>\n\n\t\t\t\t\t<\/div>\n\t\t\t\t<\/div>\n\t\t\t\t<\/div>\n\t\t<div class=\"elementor-element elementor-element-c58f198 e-con-full e-flex elementor-invisible e-con e-child\" data-id=\"c58f198\" data-element_type=\"container\" data-settings=\"{&quot;animation&quot;:&quot;fadeInRight&quot;}\">\n\t\t\t\t<div class=\"elementor-element elementor-element-c46ae17 elementor-widget elementor-widget-hub_fancy_heading\" data-id=\"c46ae17\" data-element_type=\"widget\" data-widget_type=\"hub_fancy_heading.default\">\n\t\t\t\t<div class=\"elementor-widget-container\">\n\t\t\t\t\t\n\t\t<div id=\"ld-fancy-heading-69e317a781adf\" class=\"ld-fancy-heading pos-rel\">\n\t\t\t<p class=\"ld-fh-element d-inline-block pos-rel  lqd-highlight-classic lqd-highlight-grow-left p\"  > The INNOCONSTRUCT International Conference, in its first edition, is focused on accelerating digitisation as the first priority for increasing the level of innovation. Our aim is to facilitate an open, challenging and productive dialogue on issues related to standardisation, the integration of BIM (Building Information Modelling) on a larger scale across the value chain, administrative procedures and digital public services, cybersecurity and associated threats, the integration of advanced digital technologies to innovate faster and more efficiently, as well as showcasing industry best practices.<\/p>\t\t<\/div>\n\n\t\t\t\t\t\t<\/div>\n\t\t\t\t<\/div>\n\t\t\t\t<div class=\"elementor-element elementor-element-2e518dd elementor-widget elementor-widget-button\" data-id=\"2e518dd\" data-element_type=\"widget\" data-widget_type=\"button.default\">\n\t\t\t\t<div class=\"elementor-widget-container\">\n\t\t\t\t\t\t\t\t\t<div class=\"elementor-button-wrapper\">\n\t\t\t\t\t<a class=\"elementor-button elementor-button-link elementor-size-sm\" href=\"https:\/\/www.arhiva.clustertec.ro\/editia-i-2021\" target=\"_blank\">\n\t\t\t\t\t\t<span class=\"elementor-button-content-wrapper\">\n\t\t\t\t\t\t<span class=\"elementor-button-icon\">\n\t\t\t\t<svg aria-hidden=\"true\" class=\"e-font-icon-svg e-far-arrow-alt-circle-right\" viewbox=\"0 0 512 512\" xmlns=\"http:\/\/www.w3.org\/2000\/svg\"><path d=\"M504 256C504 119 393 8 256 8S8 119 8 256s111 248 248 248 248-111 248-248zm-448 0c0-110.5 89.5-200 200-200s200 89.5 200 200-89.5 200-200 200S56 366.5 56 256zm72 20v-40c0-6.6 5.4-12 12-12h116v-67c0-10.7 12.9-16 20.5-8.5l99 99c4.7 4.7 4.7 12.3 0 17l-99 99c-7.6 7.6-20.5 2.2-20.5-8.5v-67H140c-6.6 0-12-5.4-12-12z\"><\/path><\/svg>\t\t\t<\/span>\n\t\t\t\t\t\t\t\t\t<span class=\"elementor-button-text\">To 2021 edition<\/span>\n\t\t\t\t\t<\/span>\n\t\t\t\t\t<\/a>\n\t\t\t\t<\/div>\n\t\t\t\t\t\t\t\t<\/div>\n\t\t\t\t<\/div>\n\t\t\t\t<\/div>\n\t\t\t\t\t<\/div>\n\t\t\t\t<\/div>\n\t\t<div class=\"elementor-element elementor-element-7c0991c e-flex e-con-boxed e-con e-parent\" data-id=\"7c0991c\" data-element_type=\"container\">\n\t\t\t\t\t<div class=\"e-con-inner\">\n\t\t\t\t<div class=\"elementor-element elementor-element-02799c2 elementor-widget elementor-widget-hub_fancy_heading\" data-id=\"02799c2\" data-element_type=\"widget\" data-widget_type=\"hub_fancy_heading.default\">\n\t\t\t\t<div class=\"elementor-widget-container\">\n\t\t\t\t\t\n\t\t<div id=\"ld-fancy-heading-69e317a7848e0\" class=\"ld-fancy-heading pos-rel\">\n\t\t\t<h3 class=\"ld-fh-element d-inline-block pos-rel  elementor-heading-title lqd-highlight-classic lqd-highlight-grow-left h3\"  > The road to digital transformation<\/h3>\t\t<\/div>\n\n\t\t\t\t\t\t<\/div>\n\t\t\t\t<\/div>\n\t\t\t\t\t<\/div>\n\t\t\t\t<\/div>\n\t\t<div class=\"elementor-element elementor-element-3a3a78c e-flex e-con-boxed e-con e-parent\" data-id=\"3a3a78c\" data-element_type=\"container\">\n\t\t\t\t\t<div class=\"e-con-inner\">\n\t\t<div class=\"elementor-element elementor-element-807581f e-con-full e-flex elementor-invisible e-con e-child\" data-id=\"807581f\" data-element_type=\"container\" data-settings=\"{&quot;animation&quot;:&quot;fadeIn&quot;}\">\n\t\t\t\t<div class=\"elementor-element elementor-element-80755a6 elementor-widget elementor-widget-ld_fancy_image\" data-id=\"80755a6\" data-element_type=\"widget\" data-widget_type=\"ld_fancy_image.default\">\n\t\t\t\t<div class=\"elementor-widget-container\">\n\t\t\t\t\t\n\t\t<div class=\"lqd-imggrp-single d-block pos-rel perspective\" data-hover3d=\"true\">\n\t\t\t<div class=\"lqd-imggrp-img-container d-inline-flex pos-rel align-items-center justify-content-center transform-style-3d\">\n\t\t\t\t\t\t\t\t<figure class=\"w-100 pos-rel\" data-stacking-factor=\"1\">\n\t\t\t\t\t<img decoding=\"async\" width=\"1894\" height=\"793\" src=\"data:image\/svg+xml;charset=utf-8,%3Csvg xmlns%3D&#039;http%3A%2F%2Fwww.w3.org%2F2000%2Fsvg&#039; viewBox%3D&#039;0 0 1894 793&#039;%2F%3E\" class=\"attachment-full size-full wp-image-8230 ld-lazyload\" alt=\"\" itemprop=\"image\" data-src=\"https:\/\/2025.innoconstruct.ro\/wp-content\/uploads\/2025\/01\/Editaia-2-INNOCONSTRUCT-e1738627023615.webp\" data-srcset=\"https:\/\/2025.innoconstruct.ro\/wp-content\/uploads\/2025\/01\/Editaia-2-INNOCONSTRUCT-e1738627023615.webp 1894w, https:\/\/2025.innoconstruct.ro\/wp-content\/uploads\/2025\/01\/Editaia-2-INNOCONSTRUCT-e1738627023615-300x126.webp 300w, https:\/\/2025.innoconstruct.ro\/wp-content\/uploads\/2025\/01\/Editaia-2-INNOCONSTRUCT-e1738627023615-1024x429.webp 1024w, https:\/\/2025.innoconstruct.ro\/wp-content\/uploads\/2025\/01\/Editaia-2-INNOCONSTRUCT-e1738627023615-18x8.webp 18w, https:\/\/2025.innoconstruct.ro\/wp-content\/uploads\/2025\/01\/Editaia-2-INNOCONSTRUCT-e1738627023615-1536x643.webp 1536w, https:\/\/2025.innoconstruct.ro\/wp-content\/uploads\/2025\/01\/Editaia-2-INNOCONSTRUCT-e1738627023615-600x251.webp 600w, https:\/\/2025.innoconstruct.ro\/wp-content\/uploads\/2025\/01\/Editaia-2-INNOCONSTRUCT-e1738627023615-768x322.webp 768w\" data-sizes=\"(max-width: 1894px) 100vw, 1894px\" data-aspect=\"2.3883984867591\" \/>\t\t\t\t\t\t\t\t\t\t\t\t\t\t\t\t\t\t\t\t\t\t\t\t\t\t\t\t\t<\/figure>\n\t\t\t<\/div>\n\t\t<\/div>\n\n\t\t\t\t\t<\/div>\n\t\t\t\t<\/div>\n\t\t\t\t<\/div>\n\t\t<div class=\"elementor-element elementor-element-67db120 e-con-full e-flex elementor-invisible e-con e-child\" data-id=\"67db120\" data-element_type=\"container\" data-settings=\"{&quot;animation&quot;:&quot;fadeInRight&quot;}\">\n\t\t\t\t<div class=\"elementor-element elementor-element-70d893e elementor-widget elementor-widget-hub_fancy_heading\" data-id=\"70d893e\" data-element_type=\"widget\" data-widget_type=\"hub_fancy_heading.default\">\n\t\t\t\t<div class=\"elementor-widget-container\">\n\t\t\t\t\t\n\t\t<div id=\"ld-fancy-heading-69e317a7a8279\" class=\"ld-fancy-heading pos-rel\">\n\t\t\t<p class=\"ld-fh-element d-inline-block pos-rel  lqd-highlight-classic lqd-highlight-grow-left p\"  > The INNOCONSTRUCT international conference, now in its second edition, focuses on defining the steps, framework, and tools needed to accelerate digital transformation in the sector, continuing the debate initiated last year.\n<\/p>\t\t<\/div>\n\n\t\t\t\t\t\t<\/div>\n\t\t\t\t<\/div>\n\t\t\t\t<div class=\"elementor-element elementor-element-7681a6c elementor-widget elementor-widget-button\" data-id=\"7681a6c\" data-element_type=\"widget\" data-widget_type=\"button.default\">\n\t\t\t\t<div class=\"elementor-widget-container\">\n\t\t\t\t\t\t\t\t\t<div class=\"elementor-button-wrapper\">\n\t\t\t\t\t<a class=\"elementor-button elementor-button-link elementor-size-sm\" href=\"https:\/\/www.arhiva.clustertec.ro\/editia-i-2021\" target=\"_blank\">\n\t\t\t\t\t\t<span class=\"elementor-button-content-wrapper\">\n\t\t\t\t\t\t<span class=\"elementor-button-icon\">\n\t\t\t\t<svg aria-hidden=\"true\" class=\"e-font-icon-svg e-far-arrow-alt-circle-right\" viewbox=\"0 0 512 512\" xmlns=\"http:\/\/www.w3.org\/2000\/svg\"><path d=\"M504 256C504 119 393 8 256 8S8 119 8 256s111 248 248 248 248-111 248-248zm-448 0c0-110.5 89.5-200 200-200s200 89.5 200 200-89.5 200-200 200S56 366.5 56 256zm72 20v-40c0-6.6 5.4-12 12-12h116v-67c0-10.7 12.9-16 20.5-8.5l99 99c4.7 4.7 4.7 12.3 0 17l-99 99c-7.6 7.6-20.5 2.2-20.5-8.5v-67H140c-6.6 0-12-5.4-12-12z\"><\/path><\/svg>\t\t\t<\/span>\n\t\t\t\t\t\t\t\t\t<span class=\"elementor-button-text\">TO 2022 EDITION<\/span>\n\t\t\t\t\t<\/span>\n\t\t\t\t\t<\/a>\n\t\t\t\t<\/div>\n\t\t\t\t\t\t\t\t<\/div>\n\t\t\t\t<\/div>\n\t\t\t\t<\/div>\n\t\t\t\t\t<\/div>\n\t\t\t\t<\/div>\n\t\t<div class=\"elementor-element elementor-element-3051a40 e-flex e-con-boxed e-con e-parent\" data-id=\"3051a40\" data-element_type=\"container\">\n\t\t\t\t\t<div class=\"e-con-inner\">\n\t\t<div class=\"elementor-element elementor-element-64c6b57 e-con-full e-flex e-con e-child\" data-id=\"64c6b57\" data-element_type=\"container\">\n\t\t\t\t<div class=\"elementor-element elementor-element-972b57e elementor-widget elementor-widget-hub_fancy_heading\" data-id=\"972b57e\" data-element_type=\"widget\" data-widget_type=\"hub_fancy_heading.default\">\n\t\t\t\t<div class=\"elementor-widget-container\">\n\t\t\t\t\t\n\t\t<div id=\"ld-fancy-heading-69e317a7aa50f\" class=\"ld-fancy-heading pos-rel\">\n\t\t\t<h3 class=\"ld-fh-element d-inline-block pos-rel  elementor-heading-title lqd-highlight-classic lqd-highlight-grow-left h3\"  > How Digital, How Fast?<\/h3>\t\t<\/div>\n\n\t\t\t\t\t\t<\/div>\n\t\t\t\t<\/div>\n\t\t\t\t<\/div>\n\t\t\t\t\t<\/div>\n\t\t\t\t<\/div>\n\t\t<div class=\"elementor-element elementor-element-ceddb13 e-flex e-con-boxed e-con e-parent\" data-id=\"ceddb13\" data-element_type=\"container\">\n\t\t\t\t\t<div class=\"e-con-inner\">\n\t\t<div class=\"elementor-element elementor-element-cebbb5e e-con-full e-flex e-con e-child\" data-id=\"cebbb5e\" data-element_type=\"container\">\n\t\t<div class=\"elementor-element elementor-element-9f48d7a e-con-full e-flex e-con e-child\" data-id=\"9f48d7a\" data-element_type=\"container\">\n\t\t\t\t<div class=\"elementor-element elementor-element-0cefa6b elementor-invisible elementor-widget elementor-widget-ld_fancy_image\" data-id=\"0cefa6b\" data-element_type=\"widget\" data-settings=\"{&quot;_animation&quot;:&quot;fadeIn&quot;}\" data-widget_type=\"ld_fancy_image.default\">\n\t\t\t\t<div class=\"elementor-widget-container\">\n\t\t\t\t\t\n\t\t<div class=\"lqd-imggrp-single d-block pos-rel perspective\" data-hover3d=\"true\">\n\t\t\t<div class=\"lqd-imggrp-img-container d-inline-flex pos-rel align-items-center justify-content-center transform-style-3d\">\n\t\t\t\t\t\t\t\t<figure class=\"w-100 pos-rel\" data-stacking-factor=\"1\">\n\t\t\t\t\t<img decoding=\"async\" width=\"1920\" height=\"1080\" src=\"data:image\/svg+xml;charset=utf-8,%3Csvg xmlns%3D&#039;http%3A%2F%2Fwww.w3.org%2F2000%2Fsvg&#039; viewBox%3D&#039;0 0 1920 1080&#039;%2F%3E\" class=\"attachment-full size-full wp-image-8235 ld-lazyload\" alt=\"\" itemprop=\"image\" data-src=\"https:\/\/2025.innoconstruct.ro\/wp-content\/uploads\/2025\/01\/Mail.webp\" data-srcset=\"https:\/\/2025.innoconstruct.ro\/wp-content\/uploads\/2025\/01\/Mail.webp 1920w, https:\/\/2025.innoconstruct.ro\/wp-content\/uploads\/2025\/01\/Mail-300x169.webp 300w, https:\/\/2025.innoconstruct.ro\/wp-content\/uploads\/2025\/01\/Mail-1024x576.webp 1024w, https:\/\/2025.innoconstruct.ro\/wp-content\/uploads\/2025\/01\/Mail-18x10.webp 18w, https:\/\/2025.innoconstruct.ro\/wp-content\/uploads\/2025\/01\/Mail-1536x864.webp 1536w, https:\/\/2025.innoconstruct.ro\/wp-content\/uploads\/2025\/01\/Mail-600x338.webp 600w\" data-sizes=\"(max-width: 1920px) 100vw, 1920px\" data-aspect=\"1.7777777777778\" \/>\t\t\t\t\t\t\t\t\t\t\t\t\t\t\t\t\t\t\t\t\t\t\t\t\t\t\t\t\t<\/figure>\n\t\t\t<\/div>\n\t\t<\/div>\n\n\t\t\t\t\t<\/div>\n\t\t\t\t<\/div>\n\t\t\t\t<\/div>\n\t\t<div class=\"elementor-element elementor-element-fdb844d e-con-full e-flex elementor-invisible e-con e-child\" data-id=\"fdb844d\" data-element_type=\"container\" data-settings=\"{&quot;animation&quot;:&quot;fadeInRight&quot;}\">\n\t\t\t\t<div class=\"elementor-element elementor-element-89743ef elementor-widget elementor-widget-hub_fancy_heading\" data-id=\"89743ef\" data-element_type=\"widget\" data-widget_type=\"hub_fancy_heading.default\">\n\t\t\t\t<div class=\"elementor-widget-container\">\n\t\t\t\t\t\n\t\t<div id=\"ld-fancy-heading-69e317a7c991a\" class=\"ld-fancy-heading pos-rel\">\n\t\t\t<p class=\"ld-fh-element d-inline-block pos-rel  lqd-highlight-classic lqd-highlight-grow-left p\"  > The third edition of the INNOCONSTRUCT International Conference \u2013 \"How Digital, How Fast\" \u2013 presents a series of events dedicated to advancing the digitalization process in the construction industry. In 2023, we highlight new approaches to developing digital skills in construction, as well as the technologies and solutions that support digitalization and energy efficiency.<\/p>\t\t<\/div>\n\n\t\t\t\t\t\t<\/div>\n\t\t\t\t<\/div>\n\t\t\t\t<div class=\"elementor-element elementor-element-a28545a elementor-widget elementor-widget-button\" data-id=\"a28545a\" data-element_type=\"widget\" data-widget_type=\"button.default\">\n\t\t\t\t<div class=\"elementor-widget-container\">\n\t\t\t\t\t\t\t\t\t<div class=\"elementor-button-wrapper\">\n\t\t\t\t\t<a class=\"elementor-button elementor-button-link elementor-size-sm\" href=\"http:\/\/2023.innoconstruct.ro\" target=\"_blank\">\n\t\t\t\t\t\t<span class=\"elementor-button-content-wrapper\">\n\t\t\t\t\t\t<span class=\"elementor-button-icon\">\n\t\t\t\t<svg aria-hidden=\"true\" class=\"e-font-icon-svg e-far-arrow-alt-circle-right\" viewbox=\"0 0 512 512\" xmlns=\"http:\/\/www.w3.org\/2000\/svg\"><path d=\"M504 256C504 119 393 8 256 8S8 119 8 256s111 248 248 248 248-111 248-248zm-448 0c0-110.5 89.5-200 200-200s200 89.5 200 200-89.5 200-200 200S56 366.5 56 256zm72 20v-40c0-6.6 5.4-12 12-12h116v-67c0-10.7 12.9-16 20.5-8.5l99 99c4.7 4.7 4.7 12.3 0 17l-99 99c-7.6 7.6-20.5 2.2-20.5-8.5v-67H140c-6.6 0-12-5.4-12-12z\"><\/path><\/svg>\t\t\t<\/span>\n\t\t\t\t\t\t\t\t\t<span class=\"elementor-button-text\">to 2023 edition<\/span>\n\t\t\t\t\t<\/span>\n\t\t\t\t\t<\/a>\n\t\t\t\t<\/div>\n\t\t\t\t\t\t\t\t<\/div>\n\t\t\t\t<\/div>\n\t\t\t\t<\/div>\n\t\t\t\t<\/div>\n\t\t\t\t\t<\/div>\n\t\t\t\t<\/div>\n\t\t<div class=\"elementor-element elementor-element-2f27e57 e-flex e-con-boxed e-con e-parent\" data-id=\"2f27e57\" data-element_type=\"container\">\n\t\t\t\t\t<div class=\"e-con-inner\">\n\t\t\t\t<div class=\"elementor-element elementor-element-9cc7954 elementor-widget elementor-widget-hub_fancy_heading\" data-id=\"9cc7954\" data-element_type=\"widget\" data-widget_type=\"hub_fancy_heading.default\">\n\t\t\t\t<div class=\"elementor-widget-container\">\n\t\t\t\t\t\n\t\t<div id=\"ld-fancy-heading-69e317a7cb601\" class=\"ld-fancy-heading pos-rel\">\n\t\t\t<h3 class=\"ld-fh-element d-inline-block pos-rel  elementor-heading-title lqd-highlight-classic lqd-highlight-grow-left h3\"  > Solving the digital puzzle in construction<\/h3>\t\t<\/div>\n\n\t\t\t\t\t\t<\/div>\n\t\t\t\t<\/div>\n\t\t\t\t\t<\/div>\n\t\t\t\t<\/div>\n\t\t<div class=\"elementor-element elementor-element-439b644 e-flex e-con-boxed e-con e-parent\" data-id=\"439b644\" data-element_type=\"container\">\n\t\t\t\t\t<div class=\"e-con-inner\">\n\t\t<div class=\"elementor-element elementor-element-0561177 e-con-full e-flex e-con e-child\" data-id=\"0561177\" data-element_type=\"container\">\n\t\t\t\t<div class=\"elementor-element elementor-element-9cbf730 elementor-invisible elementor-widget elementor-widget-ld_fancy_image\" data-id=\"9cbf730\" data-element_type=\"widget\" data-settings=\"{&quot;_animation&quot;:&quot;fadeIn&quot;}\" data-widget_type=\"ld_fancy_image.default\">\n\t\t\t\t<div class=\"elementor-widget-container\">\n\t\t\t\t\t\n\t\t<div class=\"lqd-imggrp-single d-block pos-rel perspective\" data-hover3d=\"true\">\n\t\t\t<div class=\"lqd-imggrp-img-container d-inline-flex pos-rel align-items-center justify-content-center transform-style-3d\">\n\t\t\t\t\t\t\t\t<figure class=\"w-100 pos-rel\" data-stacking-factor=\"1\">\n\t\t\t\t\t<img loading=\"lazy\" decoding=\"async\" width=\"2514\" height=\"1198\" src=\"data:image\/svg+xml;charset=utf-8,%3Csvg xmlns%3D&#039;http%3A%2F%2Fwww.w3.org%2F2000%2Fsvg&#039; viewBox%3D&#039;0 0 2514 1198&#039;%2F%3E\" class=\"attachment-full size-full wp-image-8553 ld-lazyload\" alt=\"\" itemprop=\"image\" data-src=\"https:\/\/2025.innoconstruct.ro\/wp-content\/uploads\/2025\/01\/2024-innoconstruct-bun.webp\" data-srcset=\"https:\/\/2025.innoconstruct.ro\/wp-content\/uploads\/2025\/01\/2024-innoconstruct-bun.webp 2514w, https:\/\/2025.innoconstruct.ro\/wp-content\/uploads\/2025\/01\/2024-innoconstruct-bun-300x143.webp 300w, https:\/\/2025.innoconstruct.ro\/wp-content\/uploads\/2025\/01\/2024-innoconstruct-bun-1024x488.webp 1024w, https:\/\/2025.innoconstruct.ro\/wp-content\/uploads\/2025\/01\/2024-innoconstruct-bun-18x9.webp 18w, https:\/\/2025.innoconstruct.ro\/wp-content\/uploads\/2025\/01\/2024-innoconstruct-bun-1536x732.webp 1536w, https:\/\/2025.innoconstruct.ro\/wp-content\/uploads\/2025\/01\/2024-innoconstruct-bun-2048x976.webp 2048w, https:\/\/2025.innoconstruct.ro\/wp-content\/uploads\/2025\/01\/2024-innoconstruct-bun-600x286.webp 600w\" data-sizes=\"(max-width: 2514px) 100vw, 2514px\" data-aspect=\"2.0984974958264\" \/>\t\t\t\t\t\t\t\t\t\t\t\t\t\t\t\t\t\t\t\t\t\t\t\t\t\t\t\t\t<\/figure>\n\t\t\t<\/div>\n\t\t<\/div>\n\n\t\t\t\t\t<\/div>\n\t\t\t\t<\/div>\n\t\t\t\t<\/div>\n\t\t<div class=\"elementor-element elementor-element-98b04c7 e-con-full e-flex elementor-invisible e-con e-child\" data-id=\"98b04c7\" data-element_type=\"container\" data-settings=\"{&quot;animation&quot;:&quot;fadeInRight&quot;}\">\n\t\t\t\t<div class=\"elementor-element elementor-element-a05a0b3 elementor-widget elementor-widget-hub_fancy_heading\" data-id=\"a05a0b3\" data-element_type=\"widget\" data-widget_type=\"hub_fancy_heading.default\">\n\t\t\t\t<div class=\"elementor-widget-container\">\n\t\t\t\t\t\n\t\t<div id=\"ld-fancy-heading-69e317a7e7a7c\" class=\"ld-fancy-heading pos-rel\">\n\t\t\t<p class=\"ld-fh-element d-inline-block pos-rel  lqd-highlight-classic lqd-highlight-grow-left p\"  > The conference is now in its fourth edition, bringing together over 300 entrepreneurs, executives, and experts from design, installation, and construction firms, as well as technology companies relevant to the construction industry, both from Romania and other countries, especially EU members. Additionally, we will be joined by entrepreneurs from related fields, social partners, various relevant industry associations, and representatives from public administration.\n\nThe conference program covers a wide range of industry-relevant topics, with a strong focus on digitalization, innovation, workforce challenges, BIM, and energy efficiency. The event is dynamic and interactive, offering participants numerous opportunities to share their ideas and actively contribute to the necessary and inevitable transformations in the sector.<\/p>\t\t<\/div>\n\n\t\t\t\t\t\t<\/div>\n\t\t\t\t<\/div>\n\t\t\t\t<div class=\"elementor-element elementor-element-bc224d0 elementor-widget elementor-widget-button\" data-id=\"bc224d0\" data-element_type=\"widget\" data-widget_type=\"button.default\">\n\t\t\t\t<div class=\"elementor-widget-container\">\n\t\t\t\t\t\t\t\t\t<div class=\"elementor-button-wrapper\">\n\t\t\t\t\t<a class=\"elementor-button elementor-button-link elementor-size-sm\" href=\"http:\/\/2024.innoconstruct.ro\" target=\"_blank\">\n\t\t\t\t\t\t<span class=\"elementor-button-content-wrapper\">\n\t\t\t\t\t\t<span class=\"elementor-button-icon\">\n\t\t\t\t<svg aria-hidden=\"true\" class=\"e-font-icon-svg e-far-arrow-alt-circle-right\" viewbox=\"0 0 512 512\" xmlns=\"http:\/\/www.w3.org\/2000\/svg\"><path d=\"M504 256C504 119 393 8 256 8S8 119 8 256s111 248 248 248 248-111 248-248zm-448 0c0-110.5 89.5-200 200-200s200 89.5 200 200-89.5 200-200 200S56 366.5 56 256zm72 20v-40c0-6.6 5.4-12 12-12h116v-67c0-10.7 12.9-16 20.5-8.5l99 99c4.7 4.7 4.7 12.3 0 17l-99 99c-7.6 7.6-20.5 2.2-20.5-8.5v-67H140c-6.6 0-12-5.4-12-12z\"><\/path><\/svg>\t\t\t<\/span>\n\t\t\t\t\t\t\t\t\t<span class=\"elementor-button-text\">to 2024 edition<\/span>\n\t\t\t\t\t<\/span>\n\t\t\t\t\t<\/a>\n\t\t\t\t<\/div>\n\t\t\t\t\t\t\t\t<\/div>\n\t\t\t\t<\/div>\n\t\t\t\t<\/div>\n\t\t\t\t\t<\/div>\n\t\t\t\t<\/div>\n\t\t<div class=\"elementor-element elementor-element-94b3639 e-con-full e-flex e-con e-parent\" data-id=\"94b3639\" data-element_type=\"container\">\n\t\t\t\t<div class=\"elementor-element elementor-element-87049e6 elementor-pagination-type-bullets elementor-arrows-position-inside elementor-pagination-position-outside elementor-widget elementor-widget-loop-carousel\" data-id=\"87049e6\" data-element_type=\"widget\" data-settings=\"{&quot;template_id&quot;:9707,&quot;_skin&quot;:&quot;post&quot;,&quot;slides_to_show&quot;:&quot;3&quot;,&quot;slides_to_show_tablet&quot;:&quot;2&quot;,&quot;slides_to_show_mobile&quot;:&quot;1&quot;,&quot;slides_to_scroll&quot;:&quot;1&quot;,&quot;edit_handle_selector&quot;:&quot;.elementor-widget-container&quot;,&quot;autoplay&quot;:&quot;yes&quot;,&quot;autoplay_speed&quot;:5000,&quot;pause_on_hover&quot;:&quot;yes&quot;,&quot;pause_on_interaction&quot;:&quot;yes&quot;,&quot;infinite&quot;:&quot;yes&quot;,&quot;speed&quot;:500,&quot;offset_sides&quot;:&quot;none&quot;,&quot;arrows&quot;:&quot;yes&quot;,&quot;pagination&quot;:&quot;bullets&quot;,&quot;image_spacing_custom&quot;:{&quot;unit&quot;:&quot;px&quot;,&quot;size&quot;:10,&quot;sizes&quot;:[]},&quot;image_spacing_custom_tablet&quot;:{&quot;unit&quot;:&quot;px&quot;,&quot;size&quot;:&quot;&quot;,&quot;sizes&quot;:[]},&quot;image_spacing_custom_mobile&quot;:{&quot;unit&quot;:&quot;px&quot;,&quot;size&quot;:&quot;&quot;,&quot;sizes&quot;:[]}}\" data-widget_type=\"loop-carousel.post\">\n\t\t\t\t<div class=\"elementor-widget-container\">\n\t\t\t\t\t\t\t<div class=\"e-loop-nothing-found-message\">\n\t\t<\/div>\n\t\t\t\t\t\t<\/div>\n\t\t\t\t<\/div>\n\t\t\t\t<\/div>\n\t\t\t\t<\/div>","protected":false},"excerpt":{"rendered":"<p>Prima edi\u021bie: Digitalizarea Conferin\u021ba Interna\u021bional\u0103 INNOCONSTRUCT, la prima sa edi\u021bie, este centrat\u0103 pe accelerarea digitaliz\u0103rii, ca prim\u0103 prioritate pentru cre\u0219terea nivelului de inovare. Scopul nostru este s\u0103 facilit\u0103m un dialog deschis, provocator, dar \u0219i productiv, pe marginea unor aspect legate de standardizare, integrarea BIM (Building Information Modelling) la o scar\u0103 mai larg\u0103, pe \u00eentregul lan\u021b [&hellip;]<\/p>","protected":false},"author":1,"featured_media":0,"parent":0,"menu_order":0,"comment_status":"closed","ping_status":"closed","template":"","meta":{"_acf_changed":false,"content-type":"","_price":"","_stock":"","_tribe_ticket_header":"","_tribe_default_ticket_provider":"","_tribe_ticket_capacity":"0","_ticket_start_date":"","_ticket_end_date":"","_tribe_ticket_show_description":"","_tribe_ticket_show_not_going":false,"_tribe_ticket_use_global_stock":"","_tribe_ticket_global_stock_level":"","_global_stock_mode":"","_global_stock_cap":"","_tribe_rsvp_for_event":"","_tribe_ticket_going_count":"","_tribe_ticket_not_going_count":"","_tribe_tickets_list":"[]","_tribe_ticket_has_attendee_info_fields":false,"footnotes":"","_tec_slr_enabled":"","_tec_slr_layout":""},"class_list":["post-8228","page","type-page","status-publish","hentry"],"acf":[],"ticketed":false,"_links":{"self":[{"href":"https:\/\/2025.innoconstruct.ro\/en\/wp-json\/wp\/v2\/pages\/8228","targetHints":{"allow":["GET"]}}],"collection":[{"href":"https:\/\/2025.innoconstruct.ro\/en\/wp-json\/wp\/v2\/pages"}],"about":[{"href":"https:\/\/2025.innoconstruct.ro\/en\/wp-json\/wp\/v2\/types\/page"}],"author":[{"embeddable":true,"href":"https:\/\/2025.innoconstruct.ro\/en\/wp-json\/wp\/v2\/users\/1"}],"replies":[{"embeddable":true,"href":"https:\/\/2025.innoconstruct.ro\/en\/wp-json\/wp\/v2\/comments?post=8228"}],"version-history":[{"count":142,"href":"https:\/\/2025.innoconstruct.ro\/en\/wp-json\/wp\/v2\/pages\/8228\/revisions"}],"predecessor-version":[{"id":9716,"href":"https:\/\/2025.innoconstruct.ro\/en\/wp-json\/wp\/v2\/pages\/8228\/revisions\/9716"}],"wp:attachment":[{"href":"https:\/\/2025.innoconstruct.ro\/en\/wp-json\/wp\/v2\/media?parent=8228"}],"curies":[{"name":"wp","href":"https:\/\/api.w.org\/{rel}","templated":true}]}}