{"id":8126,"date":"2025-01-20T00:09:45","date_gmt":"2025-01-20T00:09:45","guid":{"rendered":"https:\/\/2025.innoconstruct.ro\/?page_id=8126"},"modified":"2025-01-20T00:11:02","modified_gmt":"2025-01-20T00:11:02","slug":"politica-cookies","status":"publish","type":"page","link":"https:\/\/2025.innoconstruct.ro\/en\/politica-cookies\/","title":{"rendered":"Cookies policy"},"content":{"rendered":"<div data-elementor-type=\"wp-page\" data-elementor-id=\"8126\" class=\"elementor elementor-8126\" data-elementor-post-type=\"page\">\n\t\t\t\t<div class=\"elementor-element elementor-element-fb28a08 e-flex e-con-boxed e-con e-parent\" data-id=\"fb28a08\" data-element_type=\"container\">\n\t\t\t\t\t<div class=\"e-con-inner\">\n\t\t\t\t<div class=\"elementor-element elementor-element-04e4c95 elementor-widget elementor-widget-text-editor\" data-id=\"04e4c95\" data-element_type=\"widget\" data-widget_type=\"text-editor.default\">\n\t\t\t\t<div class=\"elementor-widget-container\">\n\t\t\t\t\t\t\t\t\t<p><\/p><p>\u00a0<\/p><p><strong><\/strong><\/p><p><strong><\/strong><\/p><p>\u00a0<\/p><p><strong><\/strong><\/p><p><strong><\/strong><\/p><p>\u00a0<\/p><p><strong><\/strong><\/p><p><strong><\/strong><\/p><p>\u00a0<\/p><p><strong><\/strong><\/p><p><strong><\/strong><\/p><p><strong>CONDITII DE UTILIZARE \u2013 POLITICA COOKIES<\/strong><\/p><p><strong><\/strong><\/p><p><strong><\/strong><\/p><p><strong>V\u0103 rug\u0103m sa citi\u0163i cu aten\u0163ie informa\u0163iile care urmeaz\u0103:<\/strong><\/p><p><strong><\/strong><\/p><p><strong><\/strong><\/p><p><strong>Acest website foloseste at\u00e2t cookie-uri proprii, c\u00e2t \u015fi de la ter\u0163i, pentru a furniza vizitatorilor o experien\u0163\u0103 mult mai bun\u0103 de navigare \u015fi servicii adaptate nevoilor \u015fi interesului fiec\u0103ruia.<\/strong><\/p><p><strong><\/strong><\/p><p><strong><\/strong><\/p><p><strong>\u00cen conformitate cu Directiva \u201ee-Intimitate\u201d a UE, \u00een vigoare de la 26 mai 2012 \u015fi cu prevederile Legii nr. 506 din 17 noiembrie 2004 privind prelucrarea datelor cu caracter personal \u015fi protec\u0163ia vie\u0163ii private \u00een sectorul comunica\u0163iilor electronice, tuturor vizitatorilor website-ului li se cere consim\u0163\u0103m\u00e2ntul \u00eenaintea transmiterii de cookies \u00een computerele acestora.<\/strong><\/p><p><strong><\/strong><\/p><p><strong><\/strong><\/p><p><strong>Ce este un \u201ecookie\u201d?<\/strong><\/p><p><strong><\/strong><\/p><p><strong><\/strong><\/p><p><strong>Un \u201eInternet Cookie\u201d (termen cunoscut \u015fi ca \u201ebrowser cookie\u201d, \u201eHTTP cookie\u201d sau pur \u015fi simplu \u201ecookie\u201d) este un fi\u015fier de mici dimensiuni, format din litere \u015fi cifre, care va fi stocat pe computerul, terminalul mobil sau alte echipamente ale unui utilizator de pe care se acceseaz\u0103 Internetul. Cookie-ul este instalat prin solicitarea emis\u0103 de c\u0103tre un web-server unui browser (ex: Internet Explorer, Chrome) \u015fi este complet \u201epasiv\u201d (nu contine programe software, virusi sau spyware si nu poate accesa informatiile de pe hard driveul utilizatorului).<\/strong><\/p><p><strong><\/strong><\/p><p><strong><\/strong><\/p><p><strong>Scopul \u0219i utilizarea modulelor cookie<\/strong><\/p><p><strong><\/strong><\/p><p><strong><\/strong><\/p><p><strong>Site-ul Autorit\u0103\u0163ii Na\u0163ionale pentru Persoanele cu Dizabilit\u0103\u0163i instaleaz\u0103 module cookie doar pentru a permite \u00eembun\u0103t\u0103\u021birea func\u021biilor oferite, astfel \u00eenc\u00e2t experien\u021ba ocazionat\u0103 de vizitarea site-ului s\u0103 devin\u0103 mai pl\u0103cut\u0103. Autoritatea Na\u0163ional\u0103 pentru Persoanele cu Dizabilit\u0103\u0163i nu utilizeaz\u0103 module cookie pentru a culege, a prelucra, a difuza sau a \u00eenregistra date cu caracter personal.<\/strong><\/p><p><strong><\/strong><\/p><p><strong><\/strong><\/p><p><strong>\u00a0\u201eCookie\u201d-urile joac\u0103 un rol important \u00een facilitarea accesului \u015fi livr\u0103rii multiplelor servicii de care utilizatorul se bucur\u0103 pe Internet, cum ar fi:<\/strong><\/p><p><strong><\/strong><\/p><p><strong><\/strong><\/p><ul class=\"wp-block-list\"><li style=\"list-style-type: none;\"><ul><li><strong>Personalizarea anumitor set\u0103ri precum:<\/strong><\/li><\/ul><\/li><\/ul><p><strong><\/strong><\/p><p><strong><\/strong><\/p><ul><li style=\"list-style-type: none;\"><ul><li><strong>limba \u00een care este vizualizat un site;<\/strong><\/li><\/ul><\/li><\/ul><p><strong><\/strong><\/p><p><strong><\/strong><\/p><ul><li style=\"list-style-type: none;\"><ul><li><strong>moneda \u00een care se exprim\u0103 anumite pre\u0163uri sau tarife;<\/strong><\/li><\/ul><\/li><\/ul><p><strong><\/strong><\/p><p><strong><\/strong><\/p><ul><li style=\"list-style-type: none;\"><ul><li><strong>p\u0103strarea op\u0163iunilor pentru diverse produse (m\u0103suri, alte detalii etc.) \u00een co\u015ful de cump\u0103r\u0103turi (\u015fi memorarea acestor op\u0163iuni) \u2013 gener\u00e2ndu-se astfel flexibilitatea \u201eco\u015fului de cump\u0103r\u0103turi\u201d;<\/strong><\/li><\/ul><\/li><\/ul><p><strong><\/strong><\/p><p><strong><\/strong><\/p><ul><li style=\"list-style-type: none;\"><ul><li><strong>accesarea preferin\u0163elor vechi prin accesarea butonului \u201e\u00cenainte\u201d \u015fi \u201e\u00cenapoi\u201d.<\/strong><\/li><\/ul><\/li><\/ul><p><strong><\/strong><\/p><p><strong><\/strong><\/p><ul><li style=\"list-style-type: none;\"><ul><li><strong>Cookie-urile ofer\u0103 de\u0163inatorilor de site-uri feedback asupra modului cum sunt utilizate site-urile lor de c\u0103tre utilizatori, astfel \u00eenc\u00e2t s\u0103 le poat\u0103 face \u015fi mai eficiente \u015fi mai accesibile pentru utilizatori;<\/strong><\/li><\/ul><\/li><\/ul><p><strong><\/strong><\/p><p><strong><\/strong><\/p><ul><li style=\"list-style-type: none;\"><ul><li><strong>Permit aplica\u0163iilor multimedia sau de alt tip de pe alte site-uri s\u0103 fie incluse \u00eentr-un anumit site pentru a crea o experien\u0163\u0103 de navigare mai valoroas\u0103, mai util\u0103 \u015fi mai placut\u0103;<\/strong><\/li><\/ul><\/li><\/ul><p><strong><\/strong><\/p><p><strong><\/strong><\/p><ul><li style=\"list-style-type: none;\"><ul><li><strong>\u00cembun\u0103t\u0103\u0163esc eficien\u0163a publicit\u0103\u0163ii online.<\/strong><\/li><\/ul><\/li><\/ul><p><strong><\/strong><\/p><p><strong><\/strong><\/p><p><strong><\/strong><\/p><p><strong>Care sunt avantajele cookie-urilor?<\/strong><\/p><p><strong><\/strong><\/p><p><strong><\/strong><\/p><p><strong>Un cookie con\u0163ine informa\u0163ii care fac leg\u0103tura \u00eentre un web-browser (utilizator) \u015fi un web-server anume (website-ul). Dac\u0103 un browser acceseaz\u0103 acel web-server din nou, acesta poate citi informa\u0163ia deja stocat\u0103 \u015fi reac\u0163iona \u00een consecin\u0163\u0103. Cookie-urile asigur\u0103 utilizatorilor o experien\u0163\u0103 pl\u0103cut\u0103 de navigare \u015fi sus\u0163in eforturile multor website-uri pentru a oferi servicii confortabile utilizatorilor: ex \u2013 preferin\u0163ele \u00een materie de confiden\u0163ialitate online, op\u0163iunile privind limba site-ului, co\u015furi de cump\u0103r\u0103turi sau publicitate relevant\u0103.<\/strong><\/p><p><strong><\/strong><\/p><p><strong><\/strong><\/p><p><strong>Care este durata de via\u0163\u0103 a unui cookie?<\/strong><\/p><p><strong><\/strong><\/p><p><strong><\/strong><\/p><p><strong>Cookie-urile sunt administrate de webservere. Durata de via\u0163\u0103 a unui cookie poate varia semnificativ, depinz\u00e2nd de scopul pentru care este plasat. Unele cookie-uri sunt folosite exclusiv pentru o singur\u0103 sesiune (session cookies) \u015fi nu mai sunt re\u0163inute, odat\u0103 ce utilizatorul a p\u0103r\u0103sit website-ul, \u00een timp ce alte cookie-uri sunt re\u0163inute \u015fi refolosite de fiecare dat\u0103 c\u00e2nd utilizatorul revine pe acel website (\u2018cookie-uri persistente\u2019). Cu toate acestea, cookie-urile pot fi \u015fterse de un utilizator \u00een orice moment prin intermediul set\u0103rilor browserului.<\/strong><\/p><p><strong><\/strong><\/p><p><strong><\/strong><\/p><p><strong>Ce sunt cookie-urile plasate de ter\u0163i?<\/strong><\/p><p><strong><\/strong><\/p><p><strong><\/strong><\/p><p><strong>Anumite sec\u0163iuni de con\u0163inut de pe unele site-uri pot fi furnizate prin intermediul unor ter\u0163e p\u0103r\u0163i \/ furnizori (ex.: news-box, un video sau o reclam\u0103). Aceste ter\u0163e p\u0103r\u0163i pot plasa cookie-uri prin intermediul altui website \u015fi ele se numesc \u201ethird party cookies\u201d pentru c\u0103 nu sunt plasate de proprietarul website-ului respectiv. Furnizorii ter\u0163i trebuie s\u0103 respecte de asemenea legea \u00een vigoare \u015fi politicile de confiden\u0163ialitate ale de\u0163in\u0103torului site-ului.<\/strong><\/p><p><strong><\/strong><\/p><p><strong><\/strong><\/p><p><strong>Aceste cookie-uri pot proveni de la urm\u0103torii ter\u0163i: facebook.com, twitter.com, etc.<\/strong><\/p><p><strong><\/strong><\/p><p><strong><\/strong><\/p><p><strong>Cum sunt folosite cookie-urile de c\u0103tre website<\/strong><\/p><p><strong><\/strong><\/p><p><strong><\/strong><\/p><p><strong>O vizit\u0103 pe website poate plasa cookie-uri \u00een scopuri de:<\/strong><\/p><p><strong><\/strong><\/p><p><strong><\/strong><\/p><ul class=\"wp-block-list\"><li style=\"list-style-type: none;\"><ul><li><strong>cre\u015ftere a performan\u0163ei website-ului;<\/strong><\/li><\/ul><\/li><\/ul><p><strong><\/strong><\/p><p><strong><\/strong><\/p><ul><li style=\"list-style-type: none;\"><ul><li><strong>analiz\u0103 a vizitatorilor;<\/strong><\/li><\/ul><\/li><\/ul><p><strong><\/strong><\/p><p><strong><\/strong><\/p><ul><li style=\"list-style-type: none;\"><ul><li><strong>geotargetting;<\/strong><\/li><\/ul><\/li><\/ul><p><strong><\/strong><\/p><p><strong><\/strong><\/p><ul><li style=\"list-style-type: none;\"><ul><li><strong>\u00eenregistrare a utilizatorilor.<\/strong><\/li><\/ul><\/li><\/ul><p><strong><\/strong><\/p><p><strong><\/strong><\/p><p><strong><\/strong><\/p><p><strong>Alte cookie-uri ale ter\u0163elor p\u0103r\u0163i<\/strong><\/p><p><strong><\/strong><\/p><p><strong><\/strong><\/p><p><strong>Pe unele pagini, ter\u0163ii pot seta propriile cookie-uri anonime, \u00een scopul de a urm\u0103ri succesul unei aplica\u0163ii sau pentru a particulariza o aplica\u0163ie. Datorit\u0103 modului de utilizare, website-ul nu poate accesa aceste cookie-uri, la fel cum ter\u0163ele p\u0103r\u0163i nu pot accesa cookie-urile de\u0163inute de respectivul website. De exemplu, c\u00e2nd utilizatorul distribuie un articol folosind butonul pentru re\u0163elele sociale aflat pe un website, acea re\u0163ea social\u0103 va \u00eenregistra activitatea utiliatorului, nu website-ul pe care se afl\u0103 butonul.<\/strong><\/p><p><strong><\/strong><\/p><p><strong><\/strong><\/p><p><strong>Ce tip de informa\u0163ii sunt stocate \u015fi accesate prin intermediul cookie-urilor?<\/strong><\/p><p><strong><\/strong><\/p><p><strong><\/strong><\/p><p><strong>Cookie-urile p\u0103streaz\u0103 informa\u0163ii \u00eentr-un fi\u015fier text de mici dimensiuni, care permit unui website s\u0103 recunoasc\u0103 un browser. Web-serverul va recunoa\u015fte browserul, p\u00e2n\u0103 c\u00e2nd cookie-ul expir\u0103 sau este \u015fters. Cookie-ul stocheaz\u0103 informa\u0163ii importante, care \u00eembun\u0103t\u0103\u0163esc experien\u0163a de navigare pe Internet, de exemplu:<\/strong><\/p><p><strong><\/strong><\/p><p><strong><\/strong><\/p><ul class=\"wp-block-list\"><li style=\"list-style-type: none;\"><ul><li><strong>set\u0103rile limbii \u00een care se dore\u015fte accesarea unui site;<\/strong><\/li><\/ul><\/li><\/ul><p><strong><\/strong><\/p><p><strong><\/strong><\/p><ul><li style=\"list-style-type: none;\"><ul><li><strong>p\u0103strarea unui utilizator logat \u00een contul de webmail;<\/strong><\/li><\/ul><\/li><\/ul><p><strong><\/strong><\/p><p><strong><\/strong><\/p><ul><li style=\"list-style-type: none;\"><ul><li><strong>securitatea online banking;<\/strong><\/li><\/ul><\/li><\/ul><p><strong><\/strong><\/p><p><strong><\/strong><\/p><ul><li style=\"list-style-type: none;\"><ul><li><strong>p\u0103strarea produselor \u00een co\u015ful de cump\u0103r\u0103turi.<\/strong><\/li><\/ul><\/li><\/ul><p><strong><\/strong><\/p><p><strong><\/strong><\/p><ul><li style=\"list-style-type: none;\"><ul><li><strong>De ce sunt cookie-urile importante pentru Internet?<\/strong><\/li><\/ul><\/li><\/ul><p><strong><\/strong><\/p><p><strong><\/strong><\/p><p><strong><\/strong><\/p><p><strong>Cookie-urile reprezint\u0103 punctul central al func\u0163ion\u0103rii eficiente a Internetului, ajut\u00e2nd la generarea unei experien\u0163e de navigare prietenoase \u015fi adaptat\u0103 preferin\u0163elor \u015fi intereselor fiec\u0103rui utilizator.Refuzarea sau dezactivarea cookie-urilor poate face unele website-uri imposibil de folosit. Refuzarea sau dezactivarea cookie-urilor nu \u00eenseamna c\u0103 utilizatorul nu va mai primi publicitate online \u2013 ci doar c\u0103 aceasta nu va mai putea \u0163ine cont de preferin\u0163ele \u015fi interesele utilizatorului, eviden\u0163iate prin comportamentul de navigare.<\/strong><\/p><p><strong><\/strong><\/p><p><strong><\/strong><\/p><p><strong>Exemple de \u00eentrebuin\u0163\u0103ri importante ale cookie-urilor (care nu necesit\u0103 autentificarea unui utilizator prin intermediul unui cont):<\/strong><\/p><p><strong><\/strong><\/p><p><strong><\/strong><\/p><ul class=\"wp-block-list\"><li style=\"list-style-type: none;\"><ul><li><strong>con\u0163inut \u015fi servicii adaptate preferin\u0163elor utilizatorului \u2013 categorii de \u015ftiri, vreme, sport, h\u0103r\u0163i, servicii publice \u015fi guvernamentale, website-uri distractive \u015fi servicii de turism;<\/strong><\/li><\/ul><\/li><\/ul><p><strong><\/strong><\/p><p><strong><\/strong><\/p><ul><li style=\"list-style-type: none;\"><ul><li><strong>oferte adaptate pe interesele utilizatorilor \u2013 re\u0163inerea parolelor, preferin\u0163elor de limb\u0103 (ex.: afi\u015farea rezultatelor c\u0103ut\u0103rilor \u00een limba rom\u00e2n\u0103)<\/strong><\/li><\/ul><\/li><\/ul><p><strong><\/strong><\/p><p><strong><\/strong><\/p><ul><li style=\"list-style-type: none;\"><ul><li><strong>re\u0163inerea filtrelor de protec\u0163ie a copiilor privind con\u0163inutul pe Internet (op\u0163iuni family mode, func\u0163ii de safe search);<\/strong><\/li><\/ul><\/li><\/ul><p><strong><\/strong><\/p><p><strong><\/strong><\/p><ul><li style=\"list-style-type: none;\"><ul><li><strong>m\u0103surarea, optimizarea \u015fi caracteristicile de analytics \u2013 cum ar fi: confirmarea unui anumit nivel de trafic pe un website, ce tip de con\u0163inut este vizualizat \u015fi modul cum un utilizator ajunge pe un website (ex. prin motoare de c\u0103utare, direct, din alte website-uri etc.). De\u0163in\u0103torii website-urilor deruleaz\u0103 aceste analize pentru a perfec\u0163iona website-urile, \u00een beneficiul utilizatorilor.<\/strong><\/li><\/ul><\/li><\/ul><p><strong><\/strong><\/p><p><strong><\/strong><\/p><p><strong><\/strong><\/p><p><strong>Securitate si probleme legate de confiden\u0163ialitate<\/strong><\/p><p><strong><\/strong><\/p><p><strong><\/strong><\/p><p><strong>Cookie-urile NU sunt viru\u015fi! Ele folosesc formate tip plain text. Nu sunt alc\u0103tuite din buc\u0103\u0163i de cod, a\u015fa c\u0103 nu pot fi executate, nici nu pot rula \u00een mod automat. \u00cen consecin\u0163\u0103, nu se pot duplica sau replica pe alte re\u0163ele pentru a rula sau a se replica din nou. Deoarece nu pot \u00eendeplini aceste func\u0163ii, nu pot fi considerate viru\u015fi. Cookie-urile pot fi, totu\u015fi, folosite pentru scopuri negative. Deoarece stocheaz\u0103 informa\u0163ii despre preferin\u0163ele \u015fi istoricul de navigare al utilizatorilor, at\u00e2t pe un anume website c\u00e2t \u015fi pe alte website-uri, cookie-urile pot fi folosite ca o form\u0103 de Spyware. Multe produse anti-spyware sunt con\u015ftiente de acest fapt \u015fi, \u00een mod constant, marcheaz\u0103 cookie-urile pentru a fi \u015fterse, \u00een cadrul procedurilor de \u015ftergere\/scanare anti-virus\/anti-spyware. \u00cen general, browserele au integrate reglaje de confiden\u0163ialitate, care furnizeaz\u0103 diferite nivele de acceptare a cookie-urilor, perioada de valabilitate \u015fi \u015ftergere automat\u0103 dup\u0103 ce utilizatorul a vizitat un anumit site.<\/strong><\/p><p><strong><\/strong><\/p><p><strong><\/strong><\/p><p><strong>Alte aspecte de securitate legate de cookie-uri<\/strong><\/p><p><strong><\/strong><\/p><p><strong><\/strong><\/p><p><strong>Deoarece protec\u0163ia identit\u0103\u0163ii este foarte valoroas\u0103 \u015fi reprezint\u0103 dreptul fiec\u0103rui utilizator de Internet, este indicat s\u0103 se \u015ftie ce eventuale probleme pot crea cookie-urile.<\/strong><\/p><p><strong><\/strong><\/p><p><strong><\/strong><\/p><p><strong>Pentru c\u0103 prin intermediul lor se transmit \u00een mod constant, \u00een ambele sensuri, informa\u0163ii \u00eentre browser \u015fi website, dac\u0103 un atacator sau persoan\u0103 neautorizat\u0103 intervine \u00een parcursul de transmitere a datelor, informa\u0163iile con\u0163inute de cookie pot fi interceptate. De\u015fi foarte rar, acest lucru se poate \u00eent\u00e2mpla dac\u0103 browserul se conecteaz\u0103 la server folosind o re\u0163ea necriptat\u0103 (ex.: o re\u0163ea WiFi nesecurizat\u0103).<\/strong><\/p><p><strong><\/strong><\/p><p><strong><\/strong><\/p><p><strong>Alte atacuri bazate pe cookie implic\u0103 reglaje gre\u015fite ale cookie-urilor pe webservere. Dac\u0103 un website nu solicit\u0103 browserului s\u0103 foloseasc\u0103 doar canale criptate, atacatorii pot folosi aceasta vulnerabilitate pentru a p\u0103c\u0103li browserele \u00een a trimite informa\u0163ii prin intermediul canalelor nesecurizate. Atacatorii utilizeaz\u0103 apoi informa\u0163iile cu scopul de a accesa neautorizat anumite site-uri.<\/strong><\/p><p><strong><\/strong><\/p><p><strong><\/strong><\/p><p><strong>Este foarte important ca utilizatorii s\u0103 fie aten\u0163i \u00een alegerea metodei celei mai potrivite de protec\u0163ie a informa\u0163iilor personale.<\/strong><\/p><p><strong><\/strong><\/p><p><strong><\/strong><\/p><p><strong>Sfaturi pentru o navigare sigur\u0103 \u015fi responsabil\u0103, bazat\u0103 pe cookies<\/strong><\/p><p><strong><\/strong><\/p><p><strong><\/strong><\/p><p><strong>Datorit\u0103 flexibilit\u0103\u0163ii lor \u015fi a faptului c\u0103 majoritatea dintre cele mai vizitate website-uri, inclusiv cele mai mari, folosesc cookie-uri, acestea sunt aproape inevitabile. Dezactivarea cookie-urilor nu va permite accesul utilizatorului pe site-urile cele mai r\u0103sp\u00e2ndite \u015fi utilizate, printre care: Facebook, Twitter, YouTube, Gmail, Yahoo \u015fi altele.<\/strong><\/p><p><strong><\/strong><\/p><p><strong><\/strong><\/p><p><strong>Iat\u0103 c\u00e2teva sfaturi care v\u0103 pot asigura c\u0103 naviga\u0163i f\u0103r\u0103 grij\u0103, \u00eens\u0103 cu ajutorul cookie-urilor:<\/strong><\/p><p><strong><\/strong><\/p><p><strong><\/strong><\/p><ul class=\"wp-block-list\"><li style=\"list-style-type: none;\"><ul><li><strong>particulariza\u0163i-v\u0103 reglajele browserului, \u00een ceea ce prive\u015fte cookie-urile, pentru a reflecta un nivel confortabil pentru dumneavoastr\u0103 al securit\u0103\u0163ii utiliz\u0103rii cookie-urilor;<\/strong><\/li><\/ul><\/li><\/ul><p><strong><\/strong><\/p><p><strong><\/strong><\/p><ul><li style=\"list-style-type: none;\"><ul><li><strong>dac\u0103 nu v\u0103 deranjeaz\u0103 cookie-urile \u015fi sunte\u0163i singura persoan\u0103 care utilizeaz\u0103 computerul, pute\u0163i regla termene lungi de expirare pentru stocarea istoricului de navigare \u015fi al datelor personale de acces;<\/strong><\/li><\/ul><\/li><\/ul><p><strong><\/strong><\/p><p><strong><\/strong><\/p><ul><li style=\"list-style-type: none;\"><ul><li><strong>dac\u0103 \u00eemp\u0103r\u0163i\u0163i accesul la calculator, pute\u0163i lua \u00een considerare reglarea browserului pentru a \u015fterge datele individuale de navigare de fiecare dat\u0103 c\u00e2nd \u00eenchide\u0163i browserul. Aceasta este o variant\u0103 de a accesa website-urile care plaseaz\u0103 cookie-uri \u015fi de a \u015fterge orice informa\u0163ie de vizitare, la \u00eenchiderea sesiunii de navigare;<\/strong><\/li><\/ul><\/li><\/ul><p><strong><\/strong><\/p><p><strong><\/strong><\/p><ul><li style=\"list-style-type: none;\"><ul><li><strong>instala\u0163i-v\u0103 \u015fi actualiza\u0163i-v\u0103 constant aplica\u0163ii antispyware. Multe dintre aplica\u0163iile de detectare \u015fi prevenire a spyware-ului includ detectarea atacurilor pe site-uri. Astfel, \u00eempiedic\u0103 browserul de a accesa website-uri care ar putea s\u0103 exploateze vulnerabilit\u0103\u0163ile browserului sau s\u0103 descarce software periculos;<\/strong><\/li><\/ul><\/li><\/ul><p><strong><\/strong><\/p><p><strong><\/strong><\/p><ul><li style=\"list-style-type: none;\"><ul><li><strong>asigura\u0163i-v\u0103 c\u0103 ave\u0163i browserul mereu actualizat. Multe dintre atacurile bazate pe cookies se realizeaz\u0103 exploat\u00e2nd punctele slabe ale versiunilor vechi ale browserelor.<\/strong><\/li><\/ul><\/li><\/ul><p><strong><\/strong><\/p><p><strong><\/strong><\/p><p><strong><\/strong><\/p><p><strong>Cookie-urile sunt pretutindeni \u015fi nu pot fi evitate, dac\u0103 dori\u0163i s\u0103 v\u0103 bucura\u0163i de acces pe cele mai bune \u015fi cele mai mari site-uri de pe Internet \u2013 locale sau interna\u0163ionale. Cu o \u00een\u0163elegere clar\u0103 a modului lor de operare \u015fi a beneficiilor pe care le aduc, pute\u0163i lua m\u0103surile necesare de securitate, astel \u00eenc\u00e2t s\u0103 pute\u0163i naviga cu \u00eencredere pe Internet.<\/strong><\/p><p><strong><\/strong><\/p><p><strong><\/strong><\/p><p><strong>Cum proceda\u021bi dac\u0103 nu dori\u021bi s\u0103 fie instalate module cookie pe computerul dumneavoastr\u0103?<\/strong><\/p><p><strong><\/strong><\/p><p><strong><\/strong><\/p><p><strong>Exist\u0103 persoane pentru care stocarea unor informa\u021bii extrase din computerul sau dispozitivul lor mobil are un caracter relativ invaziv, mai ales atunci c\u00e2nd informa\u021biile \u00een cauz\u0103 sunt stocate \u0219i utilizate de c\u0103tre ter\u021bi care le sunt necunoscu\u021bi. Dac\u0103 prefera\u021bi, ave\u021bi posibilitatea de a bloca toate modulele cookie sau doar pe unele dintre acestea ori chiar de a elimina module cookie care au fost instalate pe terminalul dumneavoastr\u0103. Fi\u021bi \u00eens\u0103 con\u0219tient de faptul c\u0103 risca\u021bi s\u0103 nu pute\u021bi utiliza anumite func\u021bii. Pentru a activa acest blocaj, trebuie s\u0103 modifica\u021bi parametrii de confiden\u021bialitate ai browser-ului. Unii operatori ter\u021bi au elaborat instrumente ale c\u0103ror module permit s\u0103 se dezactiveze culegerea \u0219i utilizarea datelor. Dezactivarea \u015fi refuzul de a primi cookie-uri pot face anumite site-uri impracticabile sau dificil de vizitat \u015fi folosit. De asemenea, refuzul de a accepta cookie-uri nu \u00eenseamn\u0103 c\u0103 utilizatorul nu va mai primi \/ vedea publicitate online. Este posibil\u0103 reglarea din browser pentru ca aceste cookie-uri s\u0103 nu mai fie acceptate, sau se poate regla browser-ul s\u0103 accepte cookie-uri de la un anumit website. Dar, de exemplu, daca un utilizator nu este \u00eenregistat folosind cookie-urile, nu va putea l\u0103sa comentarii. Toate browserele moderne ofer\u0103 posibilitatea de a schimba reglajele cookie-urilor.<\/strong><\/p><p><strong><\/strong><br \/><br \/><strong><\/strong><\/p><p><strong>Aceste reglaje se g\u0103sesc, de regul\u0103, \u00een meniurile (butoanele) \u201eOp\u0163iuni\u201d, \u201eReglaje\u201d sau \u201ePreferin\u0163e\u201d ale browserului.<\/strong><\/p><p><\/p>\t\t\t\t\t\t\t\t<\/div>\n\t\t\t\t<\/div>\n\t\t\t\t\t<\/div>\n\t\t\t\t<\/div>\n\t\t\t\t<\/div>","protected":false},"excerpt":{"rendered":"<p>\u00a0 \u00a0 \u00a0 \u00a0 CONDITII DE UTILIZARE \u2013 POLITICA COOKIES V\u0103 rug\u0103m sa citi\u0163i cu aten\u0163ie informa\u0163iile care urmeaz\u0103: Acest website foloseste at\u00e2t cookie-uri proprii, c\u00e2t \u015fi de la ter\u0163i, pentru a furniza vizitatorilor o experien\u0163\u0103 mult mai bun\u0103 de navigare \u015fi servicii adaptate nevoilor \u015fi interesului fiec\u0103ruia. \u00cen conformitate cu Directiva \u201ee-Intimitate\u201d a UE, [&hellip;]<\/p>","protected":false},"author":1,"featured_media":0,"parent":0,"menu_order":0,"comment_status":"closed","ping_status":"closed","template":"","meta":{"_acf_changed":false,"content-type":"","_price":"","_stock":"","_tribe_ticket_header":"","_tribe_default_ticket_provider":"","_tribe_ticket_capacity":"0","_ticket_start_date":"","_ticket_end_date":"","_tribe_ticket_show_description":"","_tribe_ticket_show_not_going":false,"_tribe_ticket_use_global_stock":"","_tribe_ticket_global_stock_level":"","_global_stock_mode":"","_global_stock_cap":"","_tribe_rsvp_for_event":"","_tribe_ticket_going_count":"","_tribe_ticket_not_going_count":"","_tribe_tickets_list":"[]","_tribe_ticket_has_attendee_info_fields":false,"footnotes":"","_tec_slr_enabled":"","_tec_slr_layout":""},"class_list":["post-8126","page","type-page","status-publish","hentry"],"acf":[],"ticketed":false,"_links":{"self":[{"href":"https:\/\/2025.innoconstruct.ro\/en\/wp-json\/wp\/v2\/pages\/8126","targetHints":{"allow":["GET"]}}],"collection":[{"href":"https:\/\/2025.innoconstruct.ro\/en\/wp-json\/wp\/v2\/pages"}],"about":[{"href":"https:\/\/2025.innoconstruct.ro\/en\/wp-json\/wp\/v2\/types\/page"}],"author":[{"embeddable":true,"href":"https:\/\/2025.innoconstruct.ro\/en\/wp-json\/wp\/v2\/users\/1"}],"replies":[{"embeddable":true,"href":"https:\/\/2025.innoconstruct.ro\/en\/wp-json\/wp\/v2\/comments?post=8126"}],"version-history":[{"count":4,"href":"https:\/\/2025.innoconstruct.ro\/en\/wp-json\/wp\/v2\/pages\/8126\/revisions"}],"predecessor-version":[{"id":8130,"href":"https:\/\/2025.innoconstruct.ro\/en\/wp-json\/wp\/v2\/pages\/8126\/revisions\/8130"}],"wp:attachment":[{"href":"https:\/\/2025.innoconstruct.ro\/en\/wp-json\/wp\/v2\/media?parent=8126"}],"curies":[{"name":"wp","href":"https:\/\/api.w.org\/{rel}","templated":true}]}}