{"id":8121,"date":"2025-01-20T00:05:17","date_gmt":"2025-01-20T00:05:17","guid":{"rendered":"https:\/\/2025.innoconstruct.ro\/?page_id=8121"},"modified":"2025-01-20T00:06:57","modified_gmt":"2025-01-20T00:06:57","slug":"politica-de-retur","status":"publish","type":"page","link":"https:\/\/2025.innoconstruct.ro\/en\/politica-de-retur\/","title":{"rendered":"Return policy"},"content":{"rendered":"<div data-elementor-type=\"wp-page\" data-elementor-id=\"8121\" class=\"elementor elementor-8121\" data-elementor-post-type=\"page\">\n\t\t\t\t<div class=\"elementor-element elementor-element-0a30fb5 e-flex e-con-boxed e-con e-parent\" data-id=\"0a30fb5\" data-element_type=\"container\">\n\t\t\t\t\t<div class=\"e-con-inner\">\n\t\t\t\t<div class=\"elementor-element elementor-element-21ebe36 elementor-widget elementor-widget-text-editor\" data-id=\"21ebe36\" data-element_type=\"widget\" data-widget_type=\"text-editor.default\">\n\t\t\t\t<div class=\"elementor-widget-container\">\n\t\t\t\t\t\t\t\t\t<p>\u00a0<\/p><p><strong><!-- \/wp:paragraph --><\/strong><\/p><p><strong><!-- wp:paragraph --><\/strong><\/p><p>\u00a0<\/p><p><strong><!-- \/wp:paragraph --><\/strong><\/p><p><strong><!-- wp:paragraph --><\/strong><\/p><p>\u00a0<\/p><p><strong><!-- \/wp:paragraph --><\/strong><\/p><p><strong><!-- wp:paragraph --><\/strong><\/p><p><strong>Tickets return:<\/strong><\/p><p><strong><!-- \/wp:paragraph --><\/strong><\/p><p><strong><!-- wp:list {\"ordered\":true} --><\/strong><\/p><ol><li style=\"list-style-type: none;\"><ol><!-- wp:list-item --><li><strong>a) a ticket purchased for an upcoming event cannot be returned.<\/strong><\/li><\/ol><\/li><\/ol><p><strong><!-- \/wp:list-item --><\/strong><\/p><p><strong><!-- wp:list-item --><\/strong><\/p><ol><li style=\"list-style-type: none;\"><ol><li><strong>b) a ticket purchased for an event that has been postponed (in terms of date and\/or time) or has had a change of venue or a change of guests (withdrawal of a guest from those originally announced) may be returned under the following conditions:<\/strong><\/li><\/ol><\/li><\/ol><p><strong><!-- \/wp:list-item --><\/strong><\/p><p><strong><!-- \/wp:list --><\/strong><\/p><p><strong><!-- wp:paragraph --><\/strong><\/p><p><strong>E-ticket: (tickets paid online and received via e-mail) a return request will be sent to the e-mail address\u00a0<a href=\"mailto:office@clustertec.ro\">office@clustertec.ro<\/a>the e-ticket will be refunded to the account from which it was paid within 14 working days AFTER the event takes place.<\/strong><\/p><p><strong><!-- \/wp:paragraph --><\/strong><\/p><p><strong><!-- wp:list {\"ordered\":true} --><\/strong><\/p><ol><li style=\"list-style-type: none;\"><ol><!-- wp:list-item --><li><strong>c) a ticket purchased for an event that has been cancelled may be returned under the following conditions:<\/strong><\/li><\/ol><\/li><\/ol><p><strong><!-- \/wp:list-item --><\/strong><\/p><p><strong><!-- \/wp:list --><\/strong><\/p><p><strong><!-- wp:paragraph --><\/strong><\/p><p><strong>&#8211; E-ticket: (bilete achitate online si primite via e-mail)\u00a0 se va trimite o solicitare de retur pe adresa de e-mail\u00a0<a href=\"mailto:office@clustertec.ro\">office@clustertec.ro<\/a>, contravaloarea e-ticket-ului se va restitui \u00een contul din care a fost achitat \u00een termen de 14 zile lucr\u0103toare de la data primirii solicit\u0103rii de retur.<\/strong><\/p><p><!-- \/wp:paragraph --><\/p>\t\t\t\t\t\t\t\t<\/div>\n\t\t\t\t<\/div>\n\t\t\t\t\t<\/div>\n\t\t\t\t<\/div>\n\t\t\t\t<\/div>","protected":false},"excerpt":{"rendered":"<p>\u00a0 \u00a0 \u00a0 RETUR BILETE: a) un bilet cump\u0103rat la un eveniment care va avea loc nu mai poate fi returnat. b) un bilet cump\u0103rat la un eveniment care a fost am\u00e2nat (ca data \u0219i\/sau ca ora) sau c\u0103ruia i s-a modificat loca\u021bia sau a avut modific\u0103ri de invita\u021bi (retragerea unui invitat fa\u021b\u0103 de cei [&hellip;]<\/p>","protected":false},"author":1,"featured_media":0,"parent":0,"menu_order":0,"comment_status":"closed","ping_status":"closed","template":"","meta":{"_acf_changed":false,"content-type":"","_price":"","_stock":"","_tribe_ticket_header":"","_tribe_default_ticket_provider":"","_tribe_ticket_capacity":"0","_ticket_start_date":"","_ticket_end_date":"","_tribe_ticket_show_description":"","_tribe_ticket_show_not_going":false,"_tribe_ticket_use_global_stock":"","_tribe_ticket_global_stock_level":"","_global_stock_mode":"","_global_stock_cap":"","_tribe_rsvp_for_event":"","_tribe_ticket_going_count":"","_tribe_ticket_not_going_count":"","_tribe_tickets_list":"[]","_tribe_ticket_has_attendee_info_fields":false,"footnotes":"","_tec_slr_enabled":"","_tec_slr_layout":""},"class_list":["post-8121","page","type-page","status-publish","hentry"],"acf":[],"ticketed":false,"_links":{"self":[{"href":"https:\/\/2025.innoconstruct.ro\/en\/wp-json\/wp\/v2\/pages\/8121","targetHints":{"allow":["GET"]}}],"collection":[{"href":"https:\/\/2025.innoconstruct.ro\/en\/wp-json\/wp\/v2\/pages"}],"about":[{"href":"https:\/\/2025.innoconstruct.ro\/en\/wp-json\/wp\/v2\/types\/page"}],"author":[{"embeddable":true,"href":"https:\/\/2025.innoconstruct.ro\/en\/wp-json\/wp\/v2\/users\/1"}],"replies":[{"embeddable":true,"href":"https:\/\/2025.innoconstruct.ro\/en\/wp-json\/wp\/v2\/comments?post=8121"}],"version-history":[{"count":4,"href":"https:\/\/2025.innoconstruct.ro\/en\/wp-json\/wp\/v2\/pages\/8121\/revisions"}],"predecessor-version":[{"id":8125,"href":"https:\/\/2025.innoconstruct.ro\/en\/wp-json\/wp\/v2\/pages\/8121\/revisions\/8125"}],"wp:attachment":[{"href":"https:\/\/2025.innoconstruct.ro\/en\/wp-json\/wp\/v2\/media?parent=8121"}],"curies":[{"name":"wp","href":"https:\/\/api.w.org\/{rel}","templated":true}]}}