{"id":8112,"date":"2025-01-19T23:55:48","date_gmt":"2025-01-19T23:55:48","guid":{"rendered":"https:\/\/2025.innoconstruct.ro\/?page_id=8112"},"modified":"2025-01-20T00:02:45","modified_gmt":"2025-01-20T00:02:45","slug":"politica-de-confidentialitate","status":"publish","type":"page","link":"https:\/\/2025.innoconstruct.ro\/en\/politica-de-confidentialitate\/","title":{"rendered":"Privacy Policy"},"content":{"rendered":"<div data-elementor-type=\"wp-page\" data-elementor-id=\"8112\" class=\"elementor elementor-8112\" data-elementor-post-type=\"page\">\n\t\t\t\t<div class=\"elementor-element elementor-element-747aebc e-flex e-con-boxed e-con e-parent\" data-id=\"747aebc\" data-element_type=\"container\">\n\t\t\t\t\t<div class=\"e-con-inner\">\n\t\t\t\t<div class=\"elementor-element elementor-element-fcb9e53 elementor-widget elementor-widget-text-editor\" data-id=\"fcb9e53\" data-element_type=\"widget\" data-widget_type=\"text-editor.default\">\n\t\t\t\t<div class=\"elementor-widget-container\">\n\t\t\t\t\t\t\t\t\t\n<p>&nbsp;<\/p>\n\n\n\n<p>&nbsp;<\/p>\n\n\n\n<p><strong>POLITIC\u0102 DE CONFIDEN\u021aIALITATE CU PRIVIRE LA PRELUCRAREA DATELOR CU CARACTER PERSONAL<\/strong><\/p>\n\n\n\n<p>Protec\u021bia datelor cu caracter personal reprezint\u0103 un angajament fundamental pentru \u201e<strong>ASOCIA\u021aIA CLUSTERULUI \u201eTEHNOLOGY ENABLED CONSTRUCTION \u2013 TEC\u201d \u0219i pentru CLUSTERUL TEC \u2013 \u201eTEHNOLOGY ENABLED CONSTRUCTION\u201d.<\/strong>\u00a0\u00cen consecin\u021b\u0103 vom depune toate eforturile necesare pentru a prelucra datele tale \u00een deplin\u0103 concordan\u021b\u0103 cu Regulamentul (UE) 2016\/679\u00a0<strong>(\u201cRegulamentul general privind protec\u021bia datelor\u201d<\/strong>\u00a0sau\u00a0<strong>\u201cGDPR\u201d)<\/strong>, precum \u0219i cu orice alt\u0103 legisla\u021bie aplicabil\u0103 pe teritoriul Rom\u00e2niei. \u00cen continuare dorim s\u0103 te inform\u0103m despre modul \u00een care prelucr\u0103m \u0219i protej\u0103m datele tale cu caracter personal atunci c\u00e2nd interac\u021bionezi cu noi.\u00a0<\/p>\n\n\n\n<p>Ne rezerv\u0103m dreptul de a actualiza periodic aceast\u0103 Politic\u0103 de Confiden\u021bialitate, pentru a eviden\u021bia c\u00e2t mai fidel orice modific\u0103ri ale modului \u00een care prelucr\u0103m datele tale cu caracter personal. Dac\u0103 vom efectua modific\u0103ri, vom afi\u0219a pe website-ul nostru versiunea modificat\u0103 a Politicii de Confiden\u021bialitate, motiv pentru care te rug\u0103m s\u0103 verificati periodic con\u021binutul acesteia.<\/p>\n\n\n\n<p><strong>Depre noi \u0219i cum ne po\u021bi contacta<\/strong><\/p>\n\n\n\n<p><strong>ASOCIA\u021aIA CLUSTERULUI \u201eTEHNOLOGY ENABLED CONSTRUCTION \u2013 TEC\u201d\u00a0<\/strong>este o asocia\u021bie constituit\u0103 \u00een baza O.G. 26\/2000, cu personalitate juridic\u0103, f\u0103r\u0103 scop patrimonial, av\u00e2nd sediul \u00een Bucure\u0219ti, Sector 1, Str. Alexandrina nr, 20 \u2013 22, bl. C4, et. 2, ap. 3, cam. 7. Asocia\u021bia a fost \u00eenfiin\u021bat\u0103 prin \u00eencheierea de \u0219edin\u021b\u0103 din data de 14.01.2021 pronun\u021bat\u0103 de Judectoria Sectorului 1 Bucure\u0219ti.<\/p>\n\n\n\n<p><strong>CLUSTERUL TEC \u2013 \u201eTEHNOLOGY ENABLED CONSTRUCTION\u201d\u00a0<\/strong>este un Cluster independent \u0219i emergent pentru sus\u021binerea \u00een principal, a transform\u0103rii digitale \u00een domeniul construc\u021biilor \u0219i managementului inteligent \u00een construc\u021bii.<\/p>\n\n\n\n<p>\u00cen sensul dispozi\u021biilor Regulamentului (UE) 2016\/679\u00a0<strong>(\u201cRegulamentul general privind protec\u021bia datelor\u201d<\/strong>\u00a0sau\u00a0<strong>\u201cGDPR\u201d<\/strong>, suntem\u00a0<em>operator de date cu caracter personal<\/em>\u00a0atunci c\u00e2nd prelucr\u0103m date cu caracter personal.<\/p>\n\n\n\n<p><strong>Ce categorii de date cu caracter personal prelucr\u0103m<\/strong><\/p>\n\n\n\n<p>Ca vizitator pe pagina noastr\u0103 web ne transmi\u021bi (din necesit\u0103\u021bi tehnice) datele tale referitoare la browserul de internet c\u0103tre serverul nostru. Datele de mai jos sunt \u00eenregistrate \u00een timpul unei conexiuni \u00een desf\u0103\u0219urare pentru comunicarea dintre browserul t\u0103u de internet \u0219i serverul nostru de internet: data \u0219i ora solicit\u0103rii, numele fi\u0219ierului solicitat, pagina pe care este fi\u0219ierul solicitat, statusul accesului (fi\u0219ierul transferat, fi\u0219ierul nu a fost g\u0103sit etc.), browserul de internet folosit \u0219i sistemul de operare folosit, adresa IP complet\u0103 a computerului care face solicitarea, cantitatea transferat\u0103 de date.<\/p>\n\n\n\n<p>\u00cen calitate de operator de date cu caracter personal, prelucr\u0103m datele personale \u00een temeiul faptului c\u0103 exist\u0103 o cerin\u021b\u0103 legal\u0103 \u00een acest sens. De asemenea, putem prelucra datele personale \u00een baza unei rela\u021bii contractuale. Astfel, vom prelucra date precum: nume, prenume, nr. de telefon, adresa de e-mail, adres\u0103 de domiciliu, data na\u0219terii, imagine facial, date despre pregatirea profesionala, alte date care ar putea deriva din executarea unui contract.<\/p>\n\n\n\n<p><strong>Care sunt scopurile \u0219i temeiurile prelucr\u0103rii<\/strong><\/p>\n\n\n\n<p>Vom prelucra datele tale cu caracter personal\u00a0<strong>\u00een urm\u0103toarele scopuri<\/strong>:<\/p>\n\n\n\n<ol class=\"wp-block-list\">\n<li>Pentru\u00a0solu\u021bionarea cererilor\/solicit\u0103rilor\/\u00eentreb\u0103rilor tale.<\/li>\n<\/ol>\n\n\n\n<p>Atunci c\u00e2nd ne contactezi prin orice mijloc, datele tale personale, vor fi prelucrate, pentru ca mesajul t\u0103u s\u0103 poat\u0103 fi transmis mai departe c\u0103tre departamentul responsabil cu solu\u021bionarea cererii\/solicit\u0103rii tale. Temeiul juridic al prelucr\u0103rii este art. 6, lit.b din GDRP. Datele tale oferite prin cererile\/solicit\u0103rile tale nu sunt utilizate pentru alte scopuri, mai ales nu pentru publicitate. Dup\u0103 ce r\u0103spundem la \u00eentrebarea\/solicitarea\/cererea ta, \u0219tergem con\u021binutul datele tale personale aferente.<\/p>\n\n\n\n<ol class=\"wp-block-list\">\n<li>Pentru motive de securitate a website-ul nostru.<\/li>\n<\/ol>\n\n\n\n<p>Atunci c\u00e2nd accesezi website-ul nostrum, din motive legate de siguran\u021ba tehnic\u0103, \u00een special pentru evitarea atacurilor pe serverul nostru de internet, datele tale personale mai sus men\u021bionate, sunt stocate de noi pentru o perioad\u0103 scurt\u0103 de timp. Este imposibil\u0103 sa facem o statistica referitor la fiecare persoan\u0103 pe baza acestor date.<\/p>\n\n\n\n<ol class=\"wp-block-list\">\n<li>Pentru \u00eembun\u0103t\u0103\u021birea serviciilor noastre<\/li>\n<\/ol>\n\n\n\n<p>Ne dorim \u00een permanen\u021b\u0103 s\u0103 v\u0103 oferim\u00a0servicii de \u00eenalt\u0103 calitate, iar pentru aceasta v\u0103 putem invita s\u0103 completa\u021bi chestionare \u00een vederea \u00eembun\u0103t\u0103\u021birii serviciilor prin intermediul c\u0103rora vom prelucra date cu caracter personal.<\/p>\n\n\n\n<p>Temeiurile prelucr\u0103rii:<\/p>\n\n\n\n<p>Prelucr\u0103m date cu caracter personal \u00een temeiul consim\u021b\u0103m\u00e2ntului t\u0103u, potrivit art. 6 alin. (1) lit. (a) din GDPR.<\/p>\n\n\n\n<p>\u00cen privin\u021ba datelor pe care ni le oferi \u00een mod voluntar prin completarea \u0219i trimiterea formularelor sau prin contactarea noastra \u00een orice mod, temeiul legal este \u201epentru a face demersuri la cererea persoanei vizate \u00eenainte de \u00eencheierea unui contract\u201d , potrivit art. 6 alin. (1) lit. b) din GDPR.<\/p>\n\n\n\n<p>Prelucr\u0103m date cu caracter personal ori de c\u00e2te ori avem de \u00eendeplnit o obliga\u021bie legal\u0103, potrivit prevederilor art. 6 alin. (1) lit.c) sau ori de c\u00e2te ori vom justifica un interes legitim \u00een acord cu prevederile art. 6 alin. (1) lit.f) din GDPR.<\/p>\n\n\n\n<ol class=\"wp-block-list\">\n<li>Pentru \u00eencheierea \u0219i executarea contractelor de consultan\u0163\u0103\/contractelor de formare profesional\u0103 etc.<\/li>\n<\/ol>\n\n\n\n<p>Av\u00e2nd \u00een vedere specificul activit\u0103\u0163i noastre, consultan\u021ba \u00een domeniul construc\u021biilor \u0219i tehnologiei, prelucr\u0103m date cu caracter personal \u00een temeiul art. 6 alin. (1) lit.b) din GDPR.<\/p>\n\n\n\n<ol class=\"wp-block-list\">\n<li>\u00cen scopuri de marketing \u2013 numai cu acordul dvs. pentru a v\u0103 transmite \u0219tiri \u0219i oferte (newsletter).<\/li>\n<\/ol>\n\n\n\n<p>Daca doresti s\u0103 participi la campaniile noastre de informare si sa te abonezi la newsletter, avem nevoie de consim\u021b\u0103m\u00e2ntul tau expres pentru a v\u0103 putea prelucra datele \u00een acest scop;<\/p>\n\n\n\n<p>\u00cen cazul \u00een care ni l-ai acordat, poti s\u0103 iti retragi acest consim\u021b\u0103m\u00e2ntul oric\u00e2nd, pentru una sau pentru toate op\u021biunile pe care le-ai avut, f\u0103r\u0103 a indica vreun motiv, printr-o cerere scris\u0103, astfel:<\/p>\n\n\n\n<ul class=\"wp-block-list\">\n<li>prin e-mail la adresa: [<a href=\"mailto:office@cluster.ro\">office@cluster.ro<\/a>]<\/li>\n\n\n\n<li>prin posta\/curier la urm\u0103toarea adres\u0103: [Bucure\u0219ti, sector 1, Str. Alexandrina nr. 20-22, bl. C4, et. 2, ap. 3, cam. 7]<\/li>\n<\/ul>\n\n\n\n<p><strong>C\u00e2t timp p\u0103str\u0103m datele tale cu caracter personal<\/strong><\/p>\n\n\n\n<p>Ca regul\u0103 general\u0103, vom stoca datele tale cu caracter personal c\u00e2t timp va fi nevoie pentru a r\u0103spunde cererilor\/solicit\u0103rilor\/\u00eentreb\u0103rilor tale. De asemenea, vom p\u0103stra datele tale personale asociate cu vizitarea website-ului nostru at\u00e2t timp c\u00e2t interesele noastre legitime \u00een materie de securitate a website-ului o vor impune. Po\u021bi oric\u00e2nd s\u0103 ne solici\u021bi \u0219tergerea anumitor informa\u021bii sau a tuturor informa\u021biilor de\u021binute. Vom da curs acestor solicit\u0103ri, sub rezerva p\u0103str\u0103rii anumitor informa\u021bii, \u00een situa\u021biile \u00een care legisla\u021bia aplicabil\u0103 sau interesele noastre legitime o impun.<\/p>\n\n\n\n<p>\u00cen restul cazurilor, vom p\u0103stra datele tale cu caracter personal pe duratele de timp impuse de condi\u0163iile \u00een care acestea au fost colectate, dup\u0103 caz: pe toat\u0103 perioada de timp \u00een care avem obliga\u021bia legal\u0103 s\u0103 p\u0103str\u0103m fiecare categorie de date \u00een parte, precum \u0219i ori de c\u00e2te ori vom jus\u021bifica un interes legitim.<\/p>\n\n\n\n<p><strong>Cui transmitem datele tale cu caracter personal<\/strong><\/p>\n\n\n\n<p>Destinatarii datelor cu caracter personal pot fi angaja\u021bii subscrisei din diverse departamente precum departamentul HR, IT, contabilitate etc., precum \u0219i institu\u021biile statului\/autorit\u0103\u021bi publice, care potrivit legii au atribu\u021bii \u00een acest sens.<\/p>\n\n\n\n<p>Este posibil ca \u00een procesul de colectare, stocare sau arhivare a datelor cu caracter personal, s\u0103 divulg\u0103m datele cu caracter personal colectate unor \u00eemputernici\u021bi sau operatorilor asocia\u021bi.\u00a0Vom\u00a0transmite datele cu caracter personal doar c\u0103tre alte companii ale Clusterului TEC, membre ale Asocia\u021biei Technology Enabled Construction, la solicitare, pentru a fi prelucrate \u00een scop de marketing \u0219i\/sau publicitate.<\/p>\n\n\n\n<p>Ne asigur\u0103m c\u0103 accesul la datele tale de c\u0103tre ter\u021bi, persoane juridice de drept privat, sau autorit\u0103\u021bi publice, se realizeaz\u0103 \u00een conformitate cu prevederile legale privind protec\u021bia datelor \u0219i confiden\u021bialitatea informa\u021biilor, \u00een baza unor contracte \u00eencheiate cu ace\u0219tia care vor con\u021bine clauze specifice.<\/p>\n\n\n\n<p><strong>\u00cen ce \u021b\u0103ri transfer\u0103m<\/strong>\u00a0<strong>datele tale cu caracter personal<\/strong><\/p>\n\n\n\n<p>\u00cen prezent, stoc\u0103m \u0219i prelucr\u0103m datele tale cu caracter personal exclusiv pe teritoriul Rom\u00e2niei.<\/p>\n\n\n\n<p>Vom lua \u00eentotdeauna m\u0103suri pentru a ne asigura c\u0103 orice transfer de date cu caracter personal este gestionat cu aten\u021bie cu scopul de a proteja drepturile \u0219i interesele tale. Transferurile c\u0103tre, \u00eemputernici\u021bi, operatori asocia\u021bi sau alte p\u0103r\u021bi ter\u021be vor fi \u00eentotdeauna protejate prin angajamente contractuale.<\/p>\n\n\n\n<p><strong>Cum protej\u0103m securitatea datelor tale cu caracter personal<\/strong><\/p>\n\n\n\n<p>Ne angaj\u0103m s\u0103 asigur\u0103m securitatea datelor cu caracter personal prin implementarea unor m\u0103suri tehnice \u0219i organizatorice adecvate, conform standardelor industriei.<\/p>\n\n\n\n<p>Colectarea, stocarea \u0219i transferul datelor tale cu caracter personal se face folosind algoritmi de criptare de ultim\u0103 genera\u021bie, servere de stocare securizate, asigur\u00e2nd \u00een acela\u0219i timp redundan\u021ba datelor.<\/p>\n\n\n\n<p>Cu toate eforturile depuse pentru a proteja datele tale cu caracter personal, te aten\u021bion\u0103m c\u0103 transmiterea informa\u0163iilor prin Internet, \u00een general, sau prin intermediul altor re\u0163ele publice, nu este complet sigur\u0103, exist\u00e2nd riscul ca datele tale s\u0103 fie v\u0103zute \u015fi utilizate de c\u0103tre ter\u0163e p\u0103r\u0163i neautorizate. Nu ne asum\u0103m responsabilitatea pentru vulnerabilit\u0103\u021bi ale unor sisteme pe care nu le putem controla.<\/p>\n\n\n\n<p><strong>Ce drepturi ai<\/strong><\/p>\n\n\n\n<p>Regulamentul (UE) 2016\/679\u00a0<strong>(\u201cRegulamentul general privind protec\u021bia datelor\u201d)<\/strong>\u00a0instituie o serie de drepturi \u00een leg\u0103tur\u0103 cu datele tale cu caracter personal. \u00cen termeni generali, po\u021bi solicita accesul la datele tale personale, corectarea oric\u0103ror gre\u0219eli din fi\u0219ierele noastre \u0219i\/sau te po\u021bi opune la prelucrarea datelor tale cu caracter personal. De asemenea, \u00ee\u021bi po\u021bi exercita dreptul de a formula pl\u00e2ngere c\u0103tre autoritatea de supraveghere competent\u0103 sau de a te adresa justi\u021biei. \u00cen condi\u021biile Regulamantului, po\u021bi beneficia de dreptul de a solicita \u0219tergerea datelor tale cu caracter personal, de dreptul la restric\u021bionarea prelucr\u0103rii datelor precum \u0219i de dreptul la portabilitatea datelor.<\/p>\n\n\n\n<figure class=\"wp-block-table\">\n<table>\n<tbody>\n<tr>\n<td><strong>Drepturi vizate<\/strong><\/td>\n<td><strong>Descriere<\/strong><\/td>\n<\/tr>\n<tr>\n<td><strong>Accesul<\/strong><\/td>\n<td>Po\u021bi s\u0103 ne ceri:s\u0103 confirm\u0103m dac\u0103 prelucr\u0103m datele tale cu caracter personal;s\u0103 \u00ee\u021bi punem la dispozi\u021bie o copie a acestor date;s\u0103 \u00ee\u021bi oferim alte informa\u021bii despre datele tale cu caracter personal, cum ar fi: datele pe care le avem, la ce le folosim, cui i le divulg\u0103m, dac\u0103 le transfer\u0103m \u00een str\u0103in\u0103tate \u0219i cum le protej\u0103m, c\u00e2t timp le p\u0103str\u0103m, ce drepturi ai, cum po\u021bi face o pl\u00e2ngere, de unde am ob\u021binut datele tale, \u00een m\u0103sura \u00een care informa\u021biile nu \u021bi-au fost deja furnizate prin aceast\u0103 informare.<\/td>\n<\/tr>\n<tr>\n<td><strong>Rectificarea<\/strong><\/td>\n<td>Ne po\u021bi cere s\u0103 rectific\u0103m sau s\u0103 complet\u0103m datele tale cu caracter personal inexacte sau incomplete.Este posibil s\u0103 \u00eencerc\u0103m s\u0103 verific\u0103m exactitatea datelor \u00eenainte de rectificarea acestora.<\/td>\n<\/tr>\n<tr>\n<td><strong>\u0218tergerea datelor<\/strong><\/td>\n<td>Ne po\u021bi cere s\u0103 \u0219tergem datele tale cu caracter personal, dar numai \u00een cazul \u00een care:acestea nu mai sunt necesare pentru scopurile pentru care au fost colectate;\u021bi-ai retras consim\u021b\u0103m\u00e2ntul (\u00een cazul \u00een care prelucrarea datelor se baza pe consim\u021b\u0103m\u00e2nt);\u00ee\u021bi exerci\u021bi dreptul legal de a te opune prelucr\u0103rii datelor personale;datele tale personale au fost prelucrate ilegal;ne revine o obliga\u021bie legal\u0103 \u00een acest sens.Nu avem obliga\u021bia de a ne conforma solicit\u0103rii tale de \u0219tergere a datelor cu caracter personal \u00een cazul \u00een care prelucrarea datelor personale este necesar\u0103:pentru respectarea unei obliga\u021bii legale;pentru constatarea, exercitarea sau ap\u0103rarea unui drept \u00een instan\u021b\u0103;pentru a proteja drepturile noastre sau ale altei persoane fizice sau juridice.<\/td>\n<\/tr>\n<tr>\n<td><strong>Restric\u021bionarea prelucr\u0103rii datelor<\/strong><\/td>\n<td>\u00a0Po\u021bi solicita restric\u021bionarea prelucr\u0103rii datelor cu caracter personal, dar numai \u00een cazul \u00een care:acurate\u021bea lor este contestat\u0103 (a se vedea sec\u021biunea de rectificare), pentru a ne permite s\u0103 verific\u0103m acurate\u021bea acestora;prelucrarea este ilegal\u0103, dar nu dore\u0219ti ca datele s\u0103 fie \u0219terse;acestea nu mai sunt necesare pentru scopurile pentru care au fost colectate, dar ai nevoie de ele pentru a constata, a exercita sau a ap\u0103ra un drept \u00een instan\u021b\u0103;\u021bi-ai exercitat dreptul de a te opune, iar verificarea dac\u0103 drepturile noastre prevaleaz\u0103 este \u00een desf\u0103\u0219urare.Putem continua s\u0103 folosim datele tale cu caracter personal \u00een urma unei solicit\u0103ri de restric\u021bionare, \u00een cazul \u00een care:avem consim\u021b\u0103m\u00e2ntul t\u0103u;pentru a constata, exercita sau asigura ap\u0103rarea unui drept \u00een instan\u021b\u0103;pentru a proteja drepturile noastre sau ale altei persoane fizice sau juridice.<\/td>\n<\/tr>\n<tr>\n<td><strong>Portabilitatea datelor<\/strong><\/td>\n<td>Ne po\u021bi cere s\u0103 \u00ee\u021bi furniz\u0103m datele cu caracter personal \u00eentr-un format structurat, utilizat \u00een mod curent \u0219i care poate fi citit automat, sau po\u021bi solicita ca acesta s\u0103 fie \u201eportat\u201d direct c\u0103tre un alt operator de date, dar \u00een fiecare caz numai dac\u0103:prelucrarea se bazeaz\u0103 pe consim\u021b\u0103m\u00e2ntul t\u0103u sau pe \u00eencheierea sau executarea unui contract;\u00a0\u0219iprelucrarea se face prin mijloace automate.<\/td>\n<\/tr>\n<tr>\n<td><strong>Opozi\u021bia<\/strong><\/td>\n<td>Te po\u021bi opune \u00een orice moment, din motive legate de situa\u021bia particular\u0103 \u00een care te afli, prelucr\u0103rii datelor tale cu caracter personal \u00een temeiul interesului nostru legitim, \u00een cazul \u00een care consideri c\u0103 drepturile \u0219i libert\u0103\u021bile tale fundamentale prevaleaz\u0103 fa\u021b\u0103 de acest interes.<\/td>\n<\/tr>\n<tr>\n<td>\u00a0<\/td>\n<\/tr>\n<tr>\n<td><strong>Luarea de decizii automate<\/strong><\/td>\n<td>\u00a0Nu faci obiectul unei decizii bazate exclusiv pe prelucrarea automata, a datelor tale cu caracter personal.<\/td>\n<\/tr>\n<tr>\n<td><strong>Pl\u00e2ngeri<\/strong><\/td>\n<td>Ai dreptul s\u0103 depui pl\u00e2ngeri la autoritatea de supraveghere cu privire la prelucrarea datelor tale cu caracter personal. \u00cen Rom\u00e2nia, datele de contact ale autorit\u0103\u021bii de supraveghere pentru protec\u021bia datelor sunt urm\u0103toarele:Autoritatea Na\u021bional\u0103 de Supraveghere a Prelucr\u0103rii Datelor cu Caracter PersonalB-dul G-ral. Gheorghe Magheru nr. 28-30, Sector 1, cod po\u0219tal 010336, Bucure\u0219ti, RomaniaTelefon: +40.318.059.211 sau +40.318.059.212;E-mail:<a href=\"mailto:anspdcp@dataprotection.ro\">anspdcp@dataprotection.ro<\/a><strong>F\u0103r\u0103 a \u00ee\u021bi afecta dreptul t\u0103u de a contacta \u00een orice moment autoritatea de supraveghere, te rug\u0103m s\u0103 ne contactezi \u00een prealabil, \u0219i \u00ee\u021bi promitem c\u0103 vom depune toate eforturile necesare pentru a rezolva orice problem\u0103 pe cale amiabil\u0103.\u00a0\u00a0\u00a0<\/strong><\/td>\n<\/tr>\n<\/tbody>\n<\/table>\n<\/figure>\n\n\n\n<ul class=\"wp-block-list\">\n<li>\u00ce\u021bi reamintim c\u0103 ne po\u021bi contacta:<\/li>\n<\/ul>\n\n\n\n<p>&#8211; prin e-mail la adresa\u00a0<a href=\"mailto:office@clustertec.ro\">office@clustertec.ro<\/a><\/p>\n\n\n\n<p>&#8211; prin coresponden\u021b\u0103 la adresa: Bucure\u0219ti, sector 1, Str. Alexandrina nr. 20-22, bl. C4, et. 2, ap. 3, cam. 7<\/p>\n\n\n\n<p>&#8211; prin telefon la num\u0103rul: +4 0762.248.170<\/p>\n\t\t\t\t\t\t\t\t<\/div>\n\t\t\t\t<\/div>\n\t\t\t\t\t<\/div>\n\t\t\t\t<\/div>\n\t\t\t\t<\/div>","protected":false},"excerpt":{"rendered":"<p>&nbsp; &nbsp; POLITIC\u0102 DE CONFIDEN\u021aIALITATE CU PRIVIRE LA PRELUCRAREA DATELOR CU CARACTER PERSONAL Protec\u021bia datelor cu caracter personal reprezint\u0103 un angajament fundamental pentru \u201eASOCIA\u021aIA CLUSTERULUI \u201eTEHNOLOGY ENABLED CONSTRUCTION \u2013 TEC\u201d \u0219i pentru CLUSTERUL TEC \u2013 \u201eTEHNOLOGY ENABLED CONSTRUCTION\u201d.\u00a0\u00cen consecin\u021b\u0103 vom depune toate eforturile necesare pentru a prelucra datele tale \u00een deplin\u0103 concordan\u021b\u0103 cu Regulamentul (UE) [&hellip;]<\/p>","protected":false},"author":1,"featured_media":0,"parent":0,"menu_order":0,"comment_status":"closed","ping_status":"closed","template":"","meta":{"_acf_changed":false,"content-type":"","_price":"","_stock":"","_tribe_ticket_header":"","_tribe_default_ticket_provider":"","_tribe_ticket_capacity":"0","_ticket_start_date":"","_ticket_end_date":"","_tribe_ticket_show_description":"","_tribe_ticket_show_not_going":false,"_tribe_ticket_use_global_stock":"","_tribe_ticket_global_stock_level":"","_global_stock_mode":"","_global_stock_cap":"","_tribe_rsvp_for_event":"","_tribe_ticket_going_count":"","_tribe_ticket_not_going_count":"","_tribe_tickets_list":"[]","_tribe_ticket_has_attendee_info_fields":false,"footnotes":"","_tec_slr_enabled":"","_tec_slr_layout":""},"class_list":["post-8112","page","type-page","status-publish","hentry"],"acf":[],"ticketed":false,"_links":{"self":[{"href":"https:\/\/2025.innoconstruct.ro\/en\/wp-json\/wp\/v2\/pages\/8112","targetHints":{"allow":["GET"]}}],"collection":[{"href":"https:\/\/2025.innoconstruct.ro\/en\/wp-json\/wp\/v2\/pages"}],"about":[{"href":"https:\/\/2025.innoconstruct.ro\/en\/wp-json\/wp\/v2\/types\/page"}],"author":[{"embeddable":true,"href":"https:\/\/2025.innoconstruct.ro\/en\/wp-json\/wp\/v2\/users\/1"}],"replies":[{"embeddable":true,"href":"https:\/\/2025.innoconstruct.ro\/en\/wp-json\/wp\/v2\/comments?post=8112"}],"version-history":[{"count":7,"href":"https:\/\/2025.innoconstruct.ro\/en\/wp-json\/wp\/v2\/pages\/8112\/revisions"}],"predecessor-version":[{"id":8120,"href":"https:\/\/2025.innoconstruct.ro\/en\/wp-json\/wp\/v2\/pages\/8112\/revisions\/8120"}],"wp:attachment":[{"href":"https:\/\/2025.innoconstruct.ro\/en\/wp-json\/wp\/v2\/media?parent=8112"}],"curies":[{"name":"wp","href":"https:\/\/api.w.org\/{rel}","templated":true}]}}